{"id":101,"date":"2025-05-10T05:33:00","date_gmt":"2025-05-10T05:33:00","guid":{"rendered":"https:\/\/edenometepe.com\/?page_id=101"},"modified":"2025-07-07T01:42:33","modified_gmt":"2025-07-07T01:42:33","slug":"about-hostal-eden","status":"publish","type":"page","link":"https:\/\/edenometepe.com\/es\/about-hostal-eden\/","title":{"rendered":"Acerca de Hostal Ed\u00e9n"},"content":{"rendered":"<p>[et_pb_section fb_built=&#8221;1&#8243; custom_padding_last_edited=&#8221;on|phone&#8221; _builder_version=&#8221;4.27.4&#8243; _module_preset=&#8221;default&#8221; background_color=&#8221;rgba(0,0,0,0.56)&#8221; background_image=&#8221;https:\/\/edenometepe.com\/wp-content\/uploads\/2025\/05\/Isla-de-Ometepe.jpg&#8221; background_blend=&#8221;multiply&#8221; custom_padding=&#8221;9%||2%||false|false&#8221; custom_padding_tablet=&#8221;9%||2%||false|false&#8221; custom_padding_phone=&#8221;30%||1%||false|false&#8221; global_colors_info=&#8221;{}&#8221; collapsed=&#8221;off&#8221;][et_pb_row _builder_version=&#8221;4.27.4&#8243; _module_preset=&#8221;default&#8221; global_colors_info=&#8221;{}&#8221;][et_pb_column type=&#8221;4_4&#8243; _builder_version=&#8221;4.27.4&#8243; _module_preset=&#8221;default&#8221; global_colors_info=&#8221;{}&#8221;][et_pb_text _builder_version=&#8221;4.27.4&#8243; _module_preset=&#8221;816fcf9d-e609-4157-90f1-d43d48fdbb76&#8243; header_text_color=&#8221;#FFFFFF&#8221; global_colors_info=&#8221;{}&#8221;]<\/p>\n<h1>Acerca de Hostal Ed\u00e9n<\/h1>\n<p>[\/et_pb_text][\/et_pb_column][\/et_pb_row][\/et_pb_section][et_pb_section fb_built=&#8221;1&#8243; _builder_version=&#8221;4.27.4&#8243; _module_preset=&#8221;default&#8221; global_colors_info=&#8221;{}&#8221;][et_pb_row column_structure=&#8221;1_2,1_2&#8243; _builder_version=&#8221;4.27.4&#8243; _module_preset=&#8221;default&#8221; global_colors_info=&#8221;{}&#8221;][et_pb_column type=&#8221;1_2&#8243; _builder_version=&#8221;4.27.4&#8243; _module_preset=&#8221;default&#8221; global_colors_info=&#8221;{}&#8221;][et_pb_text _builder_version=&#8221;4.27.4&#8243; _module_preset=&#8221;default&#8221; text_font_size=&#8221;19px&#8221; text_line_height=&#8221;1.6em&#8221; header_2_line_height_tablet=&#8221;&#8221; header_2_line_height_phone=&#8221;1.2em&#8221; header_2_line_height_last_edited=&#8221;on|phone&#8221; global_colors_info=&#8221;{}&#8221;]<\/p>\n<h2>Acerca de Hostal Ed\u00e9n \u2013 Tu hogar en Moyogalpa <a href=\"https:\/\/es.wikipedia.org\/wiki\/Ometepe\" target=\"_blank\" rel=\"noopener\">Isla de Ometepe<\/a><\/h2>\n<p>[\/et_pb_text][et_pb_text _builder_version=&#8221;4.27.4&#8243; _module_preset=&#8221;default&#8221; text_font_size=&#8221;19px&#8221; text_line_height=&#8221;1.6em&#8221; global_colors_info=&#8221;{}&#8221;]<\/p>\n<p>Somos una empresa familiar comprometida a brindarle una experiencia inolvidable. Ubicados en <a href=\"https:\/\/es.wikipedia.org\/wiki\/Ometepe\" target=\"_blank\" rel=\"noopener\">Moyogalpa<\/a>, la ciudad m\u00e1s c\u00e9ntrica de la isla, estamos rodeados de impresionantes paisajes y a solo unos pasos de una variedad de restaurantes, tiendas locales y vibrantes opciones de vida nocturna.<\/p>\n<p>Nuestro objetivo es ofrecerte un ambiente acogedor y confortable durante tu estancia. Contamos con habitaciones familiares, triples, matrimoniales que se adaptan a tus necesidades, y para comenzar el d\u00eda de la mejor manera, te incluimos un delicioso desayuno tradicional nicarag\u00fcense. Adem\u00e1s, contamos con dormitorios compartidos, para aquellos viajeros que buscan algo c\u00f3modo pero econ\u00f3mico y tambi\u00e9n quieren conocer personas de diferentes culturas.<\/p>\n<p>Pero eso no es todo. En Hostal Ed\u00e9n nos esforzamos por ofrecerte servicios adicionales para que tu estancia sea a\u00fan m\u00e1s placentera. Disponemos de \u00e1reas comunes para relajarte y socializar, conexi\u00f3n Wi-Fi gratuita para mantenerte conectado, y nuestro amable personal estar\u00e1 encantado de brindarte recomendaciones sobre las mejores actividades y lugares para explorar en la isla.<\/p>\n<p>Ya sea que desees aventurarte en los senderos naturales, disfrutar de las playas de ensue\u00f1o o sumergirte en la rica cultura local, estaremos aqu\u00ed para asegurarnos de que disfrutes al m\u00e1ximo de tu tiempo en Ometepe.<\/p>\n<p>[\/et_pb_text][et_pb_text _builder_version=&#8221;4.27.4&#8243; _module_preset=&#8221;default&#8221; text_font_size=&#8221;19px&#8221; text_line_height=&#8221;1.6em&#8221; header_3_text_color=&#8221;#01403A&#8221; header_3_font_size=&#8221;22px&#8221; header_3_font_size_phone=&#8221;20px&#8221; global_colors_info=&#8221;{}&#8221;]<\/p>\n<h3>\u00a1Te esperamos en Hostal Ed\u00e9n, tu casa en la Isla de Ometepe!<\/h3>\n<p>[\/et_pb_text][\/et_pb_column][et_pb_column type=&#8221;1_2&#8243; _builder_version=&#8221;4.27.4&#8243; _module_preset=&#8221;default&#8221; global_colors_info=&#8221;{}&#8221;][et_pb_image src=&#8221;https:\/\/edenometepe.com\/wp-content\/uploads\/2025\/05\/Relax-Hostal-Eden-Istal-de-Ometepe.jpg&#8221; title_text=&#8221;Relax-Hostal-Eden-Istal-de-Ometepe&#8221; _builder_version=&#8221;4.27.4&#8243; _module_preset=&#8221;default&#8221; global_colors_info=&#8221;{}&#8221;][\/et_pb_image][\/et_pb_column][\/et_pb_row][\/et_pb_section][et_pb_section fb_built=&#8221;1&#8243; _builder_version=&#8221;4.27.4&#8243; _module_preset=&#8221;default&#8221; background_color=&#8221;#f6f6f6&#8243; global_colors_info=&#8221;{}&#8221;][et_pb_row column_structure=&#8221;1_2,1_2&#8243; _builder_version=&#8221;4.27.4&#8243; _module_preset=&#8221;default&#8221; global_colors_info=&#8221;{}&#8221;][et_pb_column type=&#8221;1_2&#8243; _builder_version=&#8221;4.27.4&#8243; _module_preset=&#8221;default&#8221; global_colors_info=&#8221;{}&#8221;][et_pb_image src=&#8221;https:\/\/edenometepe.com\/wp-content\/uploads\/2025\/05\/Vision-Hostal-Eden-Nicaragua.jpg&#8221; title_text=&#8221;Vision-Hostal-Eden-Nicaragua&#8221; _builder_version=&#8221;4.27.4&#8243; _module_preset=&#8221;default&#8221; global_colors_info=&#8221;{}&#8221;][\/et_pb_image][\/et_pb_column][et_pb_column type=&#8221;1_2&#8243; _builder_version=&#8221;4.27.4&#8243; _module_preset=&#8221;default&#8221; global_colors_info=&#8221;{}&#8221;][et_pb_text _builder_version=&#8221;4.27.4&#8243; _module_preset=&#8221;default&#8221; text_font_size=&#8221;19px&#8221; text_line_height=&#8221;1.6em&#8221; global_colors_info=&#8221;{}&#8221;]<\/p>\n<h2>Hostal Ed\u00e9n Vision<\/h2>\n<p>[\/et_pb_text][et_pb_text _builder_version=&#8221;4.27.4&#8243; _module_preset=&#8221;default&#8221; text_font_size=&#8221;19px&#8221; text_line_height=&#8221;1.6em&#8221; global_colors_info=&#8221;{}&#8221;]At Hostal Ed\u00e9n, our vision is to become the benchmark of excellence in hospitality on Ometepe Island. We aspire to be recognized as the preferred hostel for our guests, standing out for our unique atmosphere, impeccable facilities, and warm, personalized service.<\/p>\n<p>Buscamos ser el lugar donde los viajeros encuentren comodidad, calidez y momentos memorables a trav\u00e9s de nuestros murales coloridos para fotograf\u00edas y una experiencia gastron\u00f3mica inigualable con nuestros deliciosos desayunos. Nos esforzamos por ofrecer un servicio excepcional, superando constantemente las expectativas de nuestros hu\u00e9spedes y brindando una estancia inolvidable.<\/p>\n<p>With a clear vision and an unwavering commitment to quality, we aim to be the leading hostel on Ometepe Island and the natural choice for those seeking a truly unique and fulfilling travel experience.[\/et_pb_text][\/et_pb_column][\/et_pb_row][\/et_pb_section][et_pb_section fb_built=&#8221;1&#8243; _builder_version=&#8221;4.27.4&#8243; _module_preset=&#8221;default&#8221; background_enable_color=&#8221;off&#8221; global_colors_info=&#8221;{}&#8221;][et_pb_row column_structure=&#8221;1_2,1_2&#8243; _builder_version=&#8221;4.27.4&#8243; _module_preset=&#8221;default&#8221; global_colors_info=&#8221;{}&#8221;][et_pb_column type=&#8221;1_2&#8243; _builder_version=&#8221;4.27.4&#8243; _module_preset=&#8221;default&#8221; global_colors_info=&#8221;{}&#8221;][et_pb_text _builder_version=&#8221;4.27.4&#8243; _module_preset=&#8221;default&#8221; text_font_size=&#8221;19px&#8221; text_line_height=&#8221;1.6em&#8221; global_colors_info=&#8221;{}&#8221;]<\/p>\n<h2>Hostal Ed\u00e9n Mission<\/h2>\n<p>[\/et_pb_text][et_pb_text _builder_version=&#8221;4.27.4&#8243; _module_preset=&#8221;default&#8221; text_font_size=&#8221;19px&#8221; text_line_height=&#8221;1.6em&#8221; global_colors_info=&#8221;{}&#8221;]At Hostal Ed\u00e9n, our mission is to provide our guests with an unforgettable experience on the beautiful island of Ometepe. We are committed to offering a clean, vibrant, and welcoming environment, where warm and personalized service is our top priority.<\/p>\n<p>Buscamos superar las expectativas de nuestros hu\u00e9spedes al brindar habitaciones amplias y confortables con aire acondicionado, murales creativos para capturar momentos especiales, un bar para relajarse y deliciosos desayunos que deleiten el paladar.<\/p>\n<p>We work tirelessly to be the best hostel in the central town of Moyogalpa, offering exceptional services and amenities that ensure a unique and satisfying stay for all our visitors.[\/et_pb_text][\/et_pb_column][et_pb_column type=&#8221;1_2&#8243; _builder_version=&#8221;4.27.4&#8243; _module_preset=&#8221;default&#8221; global_colors_info=&#8221;{}&#8221;][et_pb_image src=&#8221;https:\/\/edenometepe.com\/wp-content\/uploads\/2025\/05\/Relax-Hostal-Eden-Istal-de-Ometepe.jpg&#8221; alt=&#8221;About Hostal Ed\u00e9n&#8221; title_text=&#8221;Relax-Hostal-Eden-Istal-de-Ometepe&#8221; _builder_version=&#8221;4.27.4&#8243; _module_preset=&#8221;default&#8221; global_colors_info=&#8221;{}&#8221;][\/et_pb_image][\/et_pb_column][\/et_pb_row][\/et_pb_section][et_pb_section fb_built=&#8221;1&#8243; _builder_version=&#8221;4.27.4&#8243; _module_preset=&#8221;default&#8221; background_color=&#8221;#f6f6f6&#8243; global_colors_info=&#8221;{}&#8221;][et_pb_row column_structure=&#8221;1_2,1_2&#8243; _builder_version=&#8221;4.27.4&#8243; _module_preset=&#8221;default&#8221; global_colors_info=&#8221;{}&#8221;][et_pb_column type=&#8221;1_2&#8243; _builder_version=&#8221;4.27.4&#8243; _module_preset=&#8221;default&#8221; global_colors_info=&#8221;{}&#8221;][et_pb_image src=&#8221;https:\/\/edenometepe.com\/wp-content\/uploads\/2025\/05\/Mision-Hostal-Eden-Nicaragua.jpg&#8221; title_text=&#8221;Mision-Hostal-Eden-Nicaragua&#8221; _builder_version=&#8221;4.27.4&#8243; _module_preset=&#8221;default&#8221; global_colors_info=&#8221;{}&#8221;][\/et_pb_image][\/et_pb_column][et_pb_column type=&#8221;1_2&#8243; _builder_version=&#8221;4.27.4&#8243; _module_preset=&#8221;default&#8221; global_colors_info=&#8221;{}&#8221;][et_pb_text _builder_version=&#8221;4.27.4&#8243; _module_preset=&#8221;default&#8221; text_font_size=&#8221;19px&#8221; text_line_height=&#8221;1.6em&#8221; global_colors_info=&#8221;{}&#8221;]<\/p>\n<h2>Nuestro compromiso con los viajeros<\/h2>\n<p>[\/et_pb_text][et_pb_text _builder_version=&#8221;4.27.4&#8243; _module_preset=&#8221;default&#8221; text_font_size=&#8221;19px&#8221; text_line_height=&#8221;1.6em&#8221; global_colors_info=&#8221;{}&#8221;]<\/p>\n<p data-start=\"732\" data-end=\"1006\">En Hostal Ed\u00e9n, creemos en el turismo responsable, el respeto por la cultura local y el cuidado del medio ambiente. Queremos que cada hu\u00e9sped se sienta como en casa, por eso ofrecemos atenci\u00f3n personalizada, asesor\u00eda tur\u00edstica gratuita y una sonrisa sincera desde el primer momento.<\/p>\n<p data-start=\"1008\" data-end=\"1139\">Ya sea que vengas por aventura, descanso o exploraci\u00f3n, nuestro equipo est\u00e1 listo para ayudarte a sacar el m\u00e1ximo provecho de tu visita a Ometepe.<\/p>\n<p>[\/et_pb_text][et_pb_text _builder_version=&#8221;4.27.4&#8243; _module_preset=&#8221;default&#8221; text_font_size=&#8221;19px&#8221; text_line_height=&#8221;1.6em&#8221; global_colors_info=&#8221;{}&#8221;]<\/p>\n<h2>Servicios que ofrecemos<\/h2>\n<p>[\/et_pb_text][et_pb_text _builder_version=&#8221;4.27.4&#8243; _module_preset=&#8221;default&#8221; text_font_size=&#8221;19px&#8221; text_line_height=&#8221;1.6em&#8221; global_colors_info=&#8221;{}&#8221;]<\/p>\n<ul>\n<li data-start=\"1165\" data-end=\"1214\">\n<p data-start=\"1167\" data-end=\"1214\">Habitaciones privadas con aire acondicionado y <a href=\"https:\/\/edenometepe.com\/es\/rooms\/\">ba\u00f1o privado<\/a><\/p>\n<\/li>\n<li data-start=\"1215\" data-end=\"1251\">\n<p data-start=\"1217\" data-end=\"1251\">Wi-Fi gratuito en todo el hostal<\/p>\n<\/li>\n<li data-start=\"1252\" data-end=\"1284\">\n<p data-start=\"1254\" data-end=\"1284\">Tours por la isla (de 1 y 2 d\u00edas)<\/p>\n<\/li>\n<li data-start=\"1285\" data-end=\"1325\">\n<p data-start=\"1287\" data-end=\"1325\">Renta de motos, bicicletas y servicio de taxi<\/p>\n<\/li>\n<li data-start=\"1326\" data-end=\"1373\">\n<p data-start=\"1328\" data-end=\"1373\">Asistencia en reservas de ferris y transporte<\/p>\n<\/li>\n<li data-start=\"1374\" data-end=\"1428\">\n<p data-start=\"1376\" data-end=\"1428\">Recomendaciones de restaurantes y <a href=\"https:\/\/edenometepe.com\/es\/tours\/\">actividades locales<\/a><\/p>\n<\/li>\n<\/ul>\n<p>[\/et_pb_text][\/et_pb_column][\/et_pb_row][\/et_pb_section][et_pb_section fb_built=&#8221;1&#8243; _builder_version=&#8221;4.27.4&#8243; _module_preset=&#8221;default&#8221; global_colors_info=&#8221;{}&#8221;][et_pb_row _builder_version=&#8221;4.27.4&#8243; _module_preset=&#8221;default&#8221; global_colors_info=&#8221;{}&#8221;][et_pb_column type=&#8221;4_4&#8243; _builder_version=&#8221;4.27.4&#8243; _module_preset=&#8221;default&#8221; global_colors_info=&#8221;{}&#8221;][et_pb_text _builder_version=&#8221;4.27.4&#8243; _module_preset=&#8221;default&#8221; text_font_size=&#8221;19px&#8221; text_line_height=&#8221;1.6em&#8221; global_colors_info=&#8221;{}&#8221;]<\/p>\n<h2>Opiniones que nos inspiran<\/h2>\n<p>[\/et_pb_text][dipi_testimonial item_align=&#8221;left&#8221; use_hide_img=&#8221;on&#8221; review_length=&#8221;300&#8243; testimonial_categories=&#8221;39&#8243; use_show_popup_rating=&#8221;off&#8221; use_show_popup_review=&#8221;off&#8221; use_show_popup_image=&#8221;off&#8221; use_show_popup_company=&#8221;off&#8221; use_show_popup_name=&#8221;off&#8221; rating_size=&#8221;18px&#8221; rating_spacing=&#8221;5px&#8221; rating_color=&#8221;#F19710&#8243; empty_rating_color=&#8221;#22C7E4&#8243; columns=&#8221;2&#8243; space_between=&#8221;20&#8243; container_padding=&#8221;0px|0px|60px|0px|false|true&#8221; use_navi_prev_icon=&#8221;on&#8221; navi_prev_icon=&#8221;&#x34;||divi||400&#8243; use_navi_next_icon=&#8221;on&#8221; navi_next_icon=&#8221;&#x35;||divi||400&#8243; navi_size=&#8221;30&#8243; navi_color=&#8221;#5A5A5A&#8221; item_padding=&#8221;30px|30px|30px|30px|true|true&#8221; _builder_version=&#8221;4.27.4&#8243; _module_preset=&#8221;default&#8221; testimonial_name_text_color=&#8221;#22C7E4&#8243; testimonial_name_font_size=&#8221;17px&#8221; testimonial_text_font_size=&#8221;19px&#8221; testimonial_text_line_height=&#8221;1.6em&#8221; review_popup_text_font_size=&#8221;14px&#8221; border_width_all=&#8221;1px&#8221; border_color_all=&#8221;#ededed&#8221; locked=&#8221;off&#8221; global_colors_info=&#8221;{}&#8221;][\/dipi_testimonial][\/et_pb_column][\/et_pb_row][\/et_pb_section][et_pb_section fb_built=&#8221;1&#8243; _builder_version=&#8221;4.27.4&#8243; _module_preset=&#8221;default&#8221; background_color=&#8221;#f6f6f6&#8243; global_colors_info=&#8221;{}&#8221;][et_pb_row _builder_version=&#8221;4.27.4&#8243; _module_preset=&#8221;default&#8221; custom_padding=&#8221;0px|||||&#8221; locked=&#8221;off&#8221; global_colors_info=&#8221;{}&#8221;][et_pb_column type=&#8221;4_4&#8243; _builder_version=&#8221;4.27.4&#8243; _module_preset=&#8221;default&#8221; global_colors_info=&#8221;{}&#8221;][et_pb_text _builder_version=&#8221;4.27.4&#8243; _module_preset=&#8221;816fcf9d-e609-4157-90f1-d43d48fdbb76&#8243; header_2_font_size=&#8221;42px&#8221; custom_margin=&#8221;||3px|||&#8221; locked=&#8221;off&#8221; global_colors_info=&#8221;{}&#8221;]<\/p>\n<h2>Habitaciones de Hostal Ed\u00e9n<\/h2>\n<p>[\/et_pb_text][et_pb_text _builder_version=&#8221;4.27.4&#8243; _module_preset=&#8221;default&#8221; global_colors_info=&#8221;{}&#8221;]<\/p>\n<p>Bienvenido al coraz\u00f3n de <a href=\"https:\/\/es.wikipedia.org\/wiki\/Ometepe\" target=\"_blank\" rel=\"noopener\">la Isla de Ometepe<\/a>. En el Hostal Ed\u00e9n, ubicado en la vibrante ciudad de Moyogalpa, ofrecemos una amplia selecci\u00f3n de habitaciones dise\u00f1adas para todo tipo de viajeros: mochileros, parejas, familias y aventureros.<\/p>\n<p>Nuestra misi\u00f3n es simple: combinar comodidad, limpieza y tarifas accesibles para que puedas disfrutar de la magia de Ometepe sin preocupaciones.<\/p>\n<p>[\/et_pb_text][\/et_pb_column][\/et_pb_row][et_pb_row column_structure=&#8221;1_2,1_2&#8243; make_equal=&#8221;on&#8221; custom_padding_last_edited=&#8221;on|phone&#8221; admin_label=&#8221;Family Room&#8221; _builder_version=&#8221;4.27.4&#8243; _module_preset=&#8221;default&#8221; width_tablet=&#8221;&#8221; width_phone=&#8221;85%&#8221; width_last_edited=&#8221;on|phone&#8221; custom_padding=&#8221;||||false|false&#8221; custom_padding_tablet=&#8221;||||false|false&#8221; custom_padding_phone=&#8221;0px||||false|false&#8221; locked=&#8221;off&#8221; global_colors_info=&#8221;{}&#8221;][et_pb_column type=&#8221;1_2&#8243; admin_label=&#8221;Family Room 7 Person&#8221; _builder_version=&#8221;4.27.4&#8243; _module_preset=&#8221;default&#8221; background_color=&#8221;#FFFFFF&#8221; custom_padding=&#8221;3%|3%|5%|3%|false|true&#8221; custom_padding_tablet=&#8221;3%|3%|5%|3%|false|true&#8221; custom_padding_phone=&#8221;8%|7%|10%|7%|false|true&#8221; custom_padding_last_edited=&#8221;on|phone&#8221; border_radii=&#8221;on|10px|10px|10px|10px&#8221; border_color_all=&#8221;#ededed&#8221; box_shadow_style=&#8221;preset3&#8243; box_shadow_blur=&#8221;32px&#8221; box_shadow_color=&#8221;rgba(0,0,0,0.06)&#8221; global_colors_info=&#8221;{}&#8221;][et_pb_wc_gallery product=&#8221;865&#8243; _builder_version=&#8221;4.27.4&#8243; _module_preset=&#8221;default&#8221; global_colors_info=&#8221;{}&#8221;][\/et_pb_wc_gallery][et_pb_wc_title product=&#8221;865&#8243; _builder_version=&#8221;4.27.4&#8243; _dynamic_attributes=&#8221;link_option_url&#8221; _module_preset=&#8221;default&#8221; header_level=&#8221;h2&#8243; header_text_color=&#8221;#01403A&#8221; header_font_size=&#8221;35px&#8221; custom_margin=&#8221;||9px||false|false&#8221; link_option_url=&#8221;@ET-DC@eyJkeW5hbWljIjp0cnVlLCJjb250ZW50IjoicG9zdF9saW5rX3VybF9wcm9kdWN0Iiwic2V0dGluZ3MiOnsicG9zdF9pZCI6Ijg2NSJ9fQ==@&#8221; header_font_size_tablet=&#8221;35px&#8221; header_font_size_phone=&#8221;28px&#8221; header_font_size_last_edited=&#8221;on|phone&#8221; global_colors_info=&#8221;{}&#8221; header_text_color__hover_enabled=&#8221;on|hover&#8221; header_text_color__hover=&#8221;#F19710&#8243;][\/et_pb_wc_title][et_pb_wc_price product=&#8221;865&#8243; _builder_version=&#8221;4.27.4&#8243; _module_preset=&#8221;default&#8221; body_text_color=&#8221;#22C7E4&#8243; body_font_size=&#8221;22px&#8221; custom_margin=&#8221;||15px||false|false&#8221; body_font_size_tablet=&#8221;22px&#8221; body_font_size_phone=&#8221;20px&#8221; body_font_size_last_edited=&#8221;on|phone&#8221; global_colors_info=&#8221;{}&#8221;][\/et_pb_wc_price][et_pb_wc_description product=&#8221;865&#8243; _builder_version=&#8221;4.27.4&#8243; _module_preset=&#8221;default&#8221; body_font_size=&#8221;19px&#8221; body_line_height=&#8221;1.5em&#8221; custom_margin_tablet=&#8221;&#8221; custom_margin_phone=&#8221;||10px||false|false&#8221; custom_margin_last_edited=&#8221;on|phone&#8221; custom_padding=&#8221;||20px||false|false&#8221; body_font_size_tablet=&#8221;19px&#8221; body_font_size_phone=&#8221;17px&#8221; body_font_size_last_edited=&#8221;on|phone&#8221; global_colors_info=&#8221;{}&#8221;][\/et_pb_wc_description][et_pb_button button_url=&#8221;@ET-DC@eyJkeW5hbWljIjp0cnVlLCJjb250ZW50IjoicG9zdF9saW5rX3VybF9wcm9kdWN0Iiwic2V0dGluZ3MiOnsicG9zdF9pZCI6Ijg2NSJ9fQ==@&#8221; button_text=&#8221;Room Detail&#8221; _builder_version=&#8221;4.27.4&#8243; _dynamic_attributes=&#8221;button_url&#8221; _module_preset=&#8221;default&#8221; custom_button=&#8221;on&#8221; button_text_color=&#8221;#FFFFFF&#8221; custom_padding=&#8221;10px||10px||true|false&#8221; button_text_size_tablet=&#8221;&#8221; button_text_size_phone=&#8221;13px&#8221; button_text_size_last_edited=&#8221;on|phone&#8221; button_text_color_last_edited=&#8221;off|desktop&#8221; global_colors_info=&#8221;{}&#8221; button_text_color__hover_enabled=&#8221;on|hover&#8221; button_text_color__hover=&#8221;#FFFFFF&#8221;][\/et_pb_button][\/et_pb_column][et_pb_column type=&#8221;1_2&#8243; admin_label=&#8221;Family Room&#8221; _builder_version=&#8221;4.27.4&#8243; _module_preset=&#8221;default&#8221; background_color=&#8221;#FFFFFF&#8221; custom_padding=&#8221;3%|3%|5%|3%|false|true&#8221; custom_padding_tablet=&#8221;3%|3%|5%|3%|false|true&#8221; custom_padding_phone=&#8221;8%|7%|10%|7%|false|true&#8221; custom_padding_last_edited=&#8221;on|phone&#8221; border_radii=&#8221;on|10px|10px|10px|10px&#8221; border_color_all=&#8221;#ededed&#8221; box_shadow_style=&#8221;preset3&#8243; box_shadow_blur=&#8221;32px&#8221; box_shadow_color=&#8221;rgba(0,0,0,0.06)&#8221; global_colors_info=&#8221;{}&#8221;][et_pb_wc_gallery product=&#8221;70&#8243; _builder_version=&#8221;4.27.4&#8243; _module_preset=&#8221;default&#8221; global_colors_info=&#8221;{}&#8221;][\/et_pb_wc_gallery][et_pb_wc_title product=&#8221;70&#8243; _builder_version=&#8221;4.27.4&#8243; _dynamic_attributes=&#8221;link_option_url&#8221; _module_preset=&#8221;default&#8221; header_level=&#8221;h2&#8243; header_text_color=&#8221;#01403A&#8221; header_font_size=&#8221;35px&#8221; custom_margin=&#8221;||9px||false|false&#8221; link_option_url=&#8221;@ET-DC@eyJkeW5hbWljIjp0cnVlLCJjb250ZW50IjoicG9zdF9saW5rX3VybF9wcm9kdWN0Iiwic2V0dGluZ3MiOnsicG9zdF9pZCI6IjcwIn19@&#8221; header_font_size_tablet=&#8221;35px&#8221; header_font_size_phone=&#8221;28px&#8221; header_font_size_last_edited=&#8221;on|phone&#8221; global_colors_info=&#8221;{}&#8221; header_text_color__hover_enabled=&#8221;on|hover&#8221; header_text_color__hover=&#8221;#F19710&#8243;][\/et_pb_wc_title][et_pb_wc_price product=&#8221;70&#8243; _builder_version=&#8221;4.27.4&#8243; _module_preset=&#8221;default&#8221; body_text_color=&#8221;#22C7E4&#8243; body_font_size=&#8221;22px&#8221; custom_margin=&#8221;||15px||false|false&#8221; body_font_size_tablet=&#8221;22px&#8221; body_font_size_phone=&#8221;20px&#8221; body_font_size_last_edited=&#8221;on|phone&#8221; global_colors_info=&#8221;{}&#8221;][\/et_pb_wc_price][et_pb_wc_description product=&#8221;70&#8243; _builder_version=&#8221;4.27.4&#8243; _module_preset=&#8221;default&#8221; body_font_size=&#8221;19px&#8221; body_line_height=&#8221;1.5em&#8221; custom_margin_tablet=&#8221;&#8221; custom_margin_phone=&#8221;||10px||false|false&#8221; custom_margin_last_edited=&#8221;on|phone&#8221; custom_padding=&#8221;||20px||false|false&#8221; body_font_size_tablet=&#8221;19px&#8221; body_font_size_phone=&#8221;17px&#8221; body_font_size_last_edited=&#8221;on|phone&#8221; global_colors_info=&#8221;{}&#8221;][\/et_pb_wc_description][et_pb_button button_url=&#8221;@ET-DC@eyJkeW5hbWljIjp0cnVlLCJjb250ZW50IjoicG9zdF9saW5rX3VybF9wcm9kdWN0Iiwic2V0dGluZ3MiOnsicG9zdF9pZCI6IjcwIn19@&#8221; button_text=&#8221;Room Detail&#8221; _builder_version=&#8221;4.27.4&#8243; _dynamic_attributes=&#8221;button_url&#8221; _module_preset=&#8221;default&#8221; custom_button=&#8221;on&#8221; button_text_color=&#8221;#FFFFFF&#8221; custom_padding=&#8221;10px||10px||true|false&#8221; button_text_size_tablet=&#8221;&#8221; button_text_size_phone=&#8221;13px&#8221; button_text_size_last_edited=&#8221;on|phone&#8221; locked=&#8221;off&#8221; global_colors_info=&#8221;{}&#8221; button_text_color__hover=&#8221;#FFFFFF&#8221; button_text_color__hover_enabled=&#8221;on|hover&#8221;][\/et_pb_button][\/et_pb_column][\/et_pb_row][\/et_pb_section]<\/p>","protected":false},"excerpt":{"rendered":"<p>About Hostal Ed\u00e9nAbout Hostal Ed\u00e9n \u2013 Your Home in Moyogalpa, Ometepe IslandWe are a family-run business committed to providing you with an unforgettable experience. Located in Moyogalpa, the island\u2019s most central town, we are surrounded by stunning landscapes and just steps away from a variety of restaurants, local shops, and vibrant nightlife options. Our goal [&hellip;]<\/p>","protected":false},"author":2,"featured_media":0,"parent":0,"menu_order":0,"comment_status":"closed","ping_status":"closed","template":"","meta":{"_et_pb_use_builder":"on","_et_pb_old_content":"<!-- wp:divi\/placeholder \/-->","_et_gb_content_width":"","footnotes":""},"dipi_cpt_category":[],"class_list":["post-101","page","type-page","status-publish","hentry"],"_links":{"self":[{"href":"https:\/\/edenometepe.com\/es\/wp-json\/wp\/v2\/pages\/101","targetHints":{"allow":["GET"]}}],"collection":[{"href":"https:\/\/edenometepe.com\/es\/wp-json\/wp\/v2\/pages"}],"about":[{"href":"https:\/\/edenometepe.com\/es\/wp-json\/wp\/v2\/types\/page"}],"author":[{"embeddable":true,"href":"https:\/\/edenometepe.com\/es\/wp-json\/wp\/v2\/users\/2"}],"replies":[{"embeddable":true,"href":"https:\/\/edenometepe.com\/es\/wp-json\/wp\/v2\/comments?post=101"}],"version-history":[{"count":28,"href":"https:\/\/edenometepe.com\/es\/wp-json\/wp\/v2\/pages\/101\/revisions"}],"predecessor-version":[{"id":1780,"href":"https:\/\/edenometepe.com\/es\/wp-json\/wp\/v2\/pages\/101\/revisions\/1780"}],"wp:attachment":[{"href":"https:\/\/edenometepe.com\/es\/wp-json\/wp\/v2\/media?parent=101"}],"wp:term":[{"taxonomy":"dipi_cpt_category","embeddable":true,"href":"https:\/\/edenometepe.com\/es\/wp-json\/wp\/v2\/dipi_cpt_category?post=101"}],"curies":[{"name":"wp","href":"https:\/\/api.w.org\/{rel}","templated":true}]}}