{"id":103,"date":"2025-05-10T05:33:19","date_gmt":"2025-05-10T05:33:19","guid":{"rendered":"https:\/\/edenometepe.com\/?page_id=103"},"modified":"2025-06-04T05:23:54","modified_gmt":"2025-06-04T05:23:54","slug":"services","status":"publish","type":"page","link":"https:\/\/edenometepe.com\/es\/services\/","title":{"rendered":"Servicios"},"content":{"rendered":"<p>[et_pb_section fb_built=&#8221;1&#8243; custom_padding_last_edited=&#8221;on|phone&#8221; _builder_version=&#8221;4.27.4&#8243; _module_preset=&#8221;default&#8221; background_color=&#8221;rgba(0,0,0,0.56)&#8221; background_image=&#8221;https:\/\/edenometepe.com\/wp-content\/uploads\/2025\/05\/Isla-de-Ometepe.jpg&#8221; background_blend=&#8221;multiply&#8221; custom_padding=&#8221;9%||2%||false|false&#8221; custom_padding_tablet=&#8221;9%||2%||false|false&#8221; custom_padding_phone=&#8221;30%||1%||false|false&#8221; global_colors_info=&#8221;{}&#8221;][et_pb_row _builder_version=&#8221;4.27.4&#8243; _module_preset=&#8221;default&#8221; global_colors_info=&#8221;{}&#8221;][et_pb_column type=&#8221;4_4&#8243; _builder_version=&#8221;4.27.4&#8243; _module_preset=&#8221;default&#8221; global_colors_info=&#8221;{}&#8221;][et_pb_text _builder_version=&#8221;4.27.4&#8243; _dynamic_attributes=&#8221;content&#8221; _module_preset=&#8221;816fcf9d-e609-4157-90f1-d43d48fdbb76&#8243; header_text_color=&#8221;#FFFFFF&#8221; global_colors_info=&#8221;{}&#8221;]@ET-DC@eyJkeW5hbWljIjp0cnVlLCJjb250ZW50IjoicG9zdF90aXRsZSIsInNldHRpbmdzIjp7ImJlZm9yZSI6IjxoMT4iLCJhZnRlciI6IjwvaDE+In19@[\/et_pb_text][\/et_pb_column][\/et_pb_row][\/et_pb_section][et_pb_section fb_built=&#8221;1&#8243; _builder_version=&#8221;4.27.4&#8243; _module_preset=&#8221;default&#8221; global_colors_info=&#8221;{}&#8221;][et_pb_row custom_padding_last_edited=&#8221;on|phone&#8221; _builder_version=&#8221;4.27.4&#8243; _module_preset=&#8221;default&#8221; custom_padding_tablet=&#8221;&#8221; custom_padding_phone=&#8221;0px||||false|false&#8221; locked=&#8221;off&#8221; global_colors_info=&#8221;{}&#8221;][et_pb_column type=&#8221;4_4&#8243; _builder_version=&#8221;4.27.4&#8243; _module_preset=&#8221;default&#8221; global_colors_info=&#8221;{}&#8221;][et_pb_text _builder_version=&#8221;4.27.4&#8243; _module_preset=&#8221;816fcf9d-e609-4157-90f1-d43d48fdbb76&#8243; text_font=&#8221;|||on|||||&#8221; text_text_color=&#8221;#22C7E4&#8243; text_font_size=&#8221;20px&#8221; text_letter_spacing=&#8221;4px&#8221; text_orientation=&#8221;center&#8221; text_font_size_tablet=&#8221;20px&#8221; text_font_size_phone=&#8221;16px&#8221; text_font_size_last_edited=&#8221;on|phone&#8221; global_colors_info=&#8221;{}&#8221;]Some of the services we provide include:[\/et_pb_text][et_pb_text _builder_version=&#8221;4.27.4&#8243; _module_preset=&#8221;816fcf9d-e609-4157-90f1-d43d48fdbb76&#8243; header_2_text_align=&#8221;center&#8221; header_2_font_size=&#8221;42px&#8221; global_colors_info=&#8221;{}&#8221;]<\/p>\n<h2>En Hostal Ed\u00e9n ofrecemos una variedad de servicios pensados \u200b\u200ben satisfacer las necesidades y comodidad de nuestros hu\u00e9spedes.<\/h2>\n<p>[\/et_pb_text][et_pb_text _builder_version=&#8221;4.27.4&#8243; _module_preset=&#8221;default&#8221; text_font_size=&#8221;20px&#8221; text_line_height=&#8221;1.6em&#8221; text_orientation=&#8221;center&#8221; global_colors_info=&#8221;{}&#8221;]<\/p>\n<p data-start=\"394\" data-end=\"701\">Bienvenido a Hostal Ed\u00e9n, tu punto de partida ideal para explorar las maravillas de <a href=\"https:\/\/es.wikipedia.org\/wiki\/Ometepe\" target=\"_blank\" rel=\"noopener\">la Isla de Ometepe<\/a>, ubicado en el coraz\u00f3n de Moyogalpa, nuestra amplia gama de servicios est\u00e1 dise\u00f1ada para brindarle una experiencia de viaje completa e inolvidable, combinando comodidad, aventura y atenci\u00f3n personalizada.<\/p>\n<p data-start=\"703\" data-end=\"846\">Ya sea que se quede una noche o est\u00e9 planeando una estancia completa, <a href=\"https:\/\/edenometepe.com\/es\/tours\/\">aventura en la isla<\/a>, nuestros servicios le ayudar\u00e1n a aprovechar al m\u00e1ximo su tiempo en Ometepe.<\/p>\n<p>[\/et_pb_text][\/et_pb_column][\/et_pb_row][\/et_pb_section][et_pb_section fb_built=&#8221;1&#8243; _builder_version=&#8221;4.27.4&#8243; _module_preset=&#8221;default&#8221; background_color=&#8221;#f6f6f6&#8243; locked=&#8221;off&#8221; global_colors_info=&#8221;{}&#8221;][et_pb_row column_structure=&#8221;1_2,1_2&#8243; _builder_version=&#8221;4.27.4&#8243; _module_preset=&#8221;default&#8221; custom_css_main_element=&#8221;display: flex;||align-items: center;||justify-content: center;&#8221; global_colors_info=&#8221;{}&#8221; custom_css_main_element_tablet=&#8221;\/*display: flex;||align-items: center;||justify-content: center;*\/&#8221; custom_css_main_element_last_edited=&#8221;on|tablet&#8221; custom_css_main_element_phone=&#8221;\/*display: flex;||align-items: center;||justify-content: center;*\/&#8221;][et_pb_column type=&#8221;1_2&#8243; _builder_version=&#8221;4.27.4&#8243; _module_preset=&#8221;default&#8221; global_colors_info=&#8221;{}&#8221;][et_pb_image src=&#8221;https:\/\/edenometepe.com\/wp-content\/uploads\/2025\/05\/Organizacion-Travel-isla-de-Ometepe-Nicaragia.jpg&#8221; title_text=&#8221;Organizacion-Travel-isla-de-Ometepe-Nicaragia&#8221; _builder_version=&#8221;4.27.4&#8243; _module_preset=&#8221;default&#8221; global_colors_info=&#8221;{}&#8221;][\/et_pb_image][\/et_pb_column][et_pb_column type=&#8221;1_2&#8243; _builder_version=&#8221;4.27.4&#8243; _module_preset=&#8221;default&#8221; global_colors_info=&#8221;{}&#8221;][et_pb_text _builder_version=&#8221;4.27.4&#8243; _module_preset=&#8221;816fcf9d-e609-4157-90f1-d43d48fdbb76&#8243; text_font=&#8221;|||on|||||&#8221; text_text_color=&#8221;#22C7E4&#8243; text_font_size=&#8221;18px&#8221; text_letter_spacing=&#8221;4px&#8221; text_font_size_tablet=&#8221;20px&#8221; text_font_size_phone=&#8221;16px&#8221; text_font_size_last_edited=&#8221;on|phone&#8221; locked=&#8221;off&#8221; global_colors_info=&#8221;{}&#8221;]<\/p>\n<p><span>\u2014 Hostal Ed\u00e9n<\/span><\/p>\n<p>[\/et_pb_text][et_pb_text _builder_version=&#8221;4.27.4&#8243; _module_preset=&#8221;default&#8221; text_font_size=&#8221;19px&#8221; text_line_height=&#8221;1.6em&#8221; global_colors_info=&#8221;{}&#8221;]<\/p>\n<h2>Organizaci\u00f3n de tours:<\/h2>\n<p>[\/et_pb_text][et_pb_text _builder_version=&#8221;4.27.4&#8243; _module_preset=&#8221;default&#8221; text_font_size=&#8221;19px&#8221; text_line_height=&#8221;1.6em&#8221; global_colors_info=&#8221;{}&#8221;]We can help you arrange tours and excursions so you can make the most of your time on Ometepe Island. Whether you want to hike volcanoes, visit breathtaking beaches, or dive into the island\u2019s rich culture, we\u2019re happy to recommend and coordinate experiences for you.[\/et_pb_text][et_pb_button button_url=&#8221;@ET-DC@eyJkeW5hbWljIjp0cnVlLCJjb250ZW50IjoicG9zdF9saW5rX3VybF9wYWdlIiwic2V0dGluZ3MiOnsicG9zdF9pZCI6Ijc0NSJ9fQ==@&#8221; button_text=&#8221;View Tours&#8221; _builder_version=&#8221;4.27.4&#8243; _dynamic_attributes=&#8221;button_url&#8221; _module_preset=&#8221;default&#8221; custom_button=&#8221;on&#8221; button_text_size=&#8221;18px&#8221; custom_padding=&#8221;10px||10px||true|false&#8221; locked=&#8221;off&#8221; global_colors_info=&#8221;{}&#8221;][\/et_pb_button][\/et_pb_column][\/et_pb_row][\/et_pb_section][et_pb_section fb_built=&#8221;1&#8243; _builder_version=&#8221;4.27.4&#8243; _module_preset=&#8221;default&#8221; background_enable_color=&#8221;off&#8221; locked=&#8221;off&#8221; global_colors_info=&#8221;{}&#8221;][et_pb_row column_structure=&#8221;1_2,1_2&#8243; _builder_version=&#8221;4.27.4&#8243; _module_preset=&#8221;default&#8221; custom_css_main_element=&#8221;display: flex;||align-items: center;||justify-content: center;&#8221; locked=&#8221;off&#8221; global_colors_info=&#8221;{}&#8221; custom_css_main_element_last_edited=&#8221;on|tablet&#8221; custom_css_main_element_tablet=&#8221;\/*display: flex;||align-items: center;||justify-content: center;*\/&#8221; custom_css_main_element_phone=&#8221;\/*display: flex;||align-items: center;||justify-content: center;*\/&#8221;][et_pb_column type=&#8221;1_2&#8243; _builder_version=&#8221;4.27.4&#8243; _module_preset=&#8221;default&#8221; global_colors_info=&#8221;{}&#8221;][et_pb_image src=&#8221;https:\/\/edenometepe.com\/wp-content\/uploads\/2025\/05\/Rental-Motocycle-Hostal-Eden-Nicaragua.jpg&#8221; title_text=&#8221;Rental-Motocycle-Hostal-Eden-Nicaragua&#8221; _builder_version=&#8221;4.27.4&#8243; _module_preset=&#8221;default&#8221; global_colors_info=&#8221;{}&#8221;][\/et_pb_image][\/et_pb_column][et_pb_column type=&#8221;1_2&#8243; _builder_version=&#8221;4.27.4&#8243; _module_preset=&#8221;default&#8221; global_colors_info=&#8221;{}&#8221;][et_pb_text _builder_version=&#8221;4.27.4&#8243; _module_preset=&#8221;816fcf9d-e609-4157-90f1-d43d48fdbb76&#8243; text_font=&#8221;|||on|||||&#8221; text_text_color=&#8221;#22C7E4&#8243; text_font_size=&#8221;18px&#8221; text_letter_spacing=&#8221;4px&#8221; text_font_size_tablet=&#8221;20px&#8221; text_font_size_phone=&#8221;16px&#8221; text_font_size_last_edited=&#8221;on|phone&#8221; locked=&#8221;off&#8221; global_colors_info=&#8221;{}&#8221;]<\/p>\n<p><span>From $20 \/ Persion<\/span><\/p>\n<p>[\/et_pb_text][et_pb_text _builder_version=&#8221;4.27.4&#8243; _module_preset=&#8221;default&#8221; text_font_size=&#8221;19px&#8221; text_line_height=&#8221;1.6em&#8221; header_2_line_height_tablet=&#8221;&#8221; header_2_line_height_phone=&#8221;1.2em&#8221; header_2_line_height_last_edited=&#8221;on|phone&#8221; global_colors_info=&#8221;{}&#8221;]<\/p>\n<h2>Renta de Motos y ATV: \u00a1Explora sin l\u00edmites!<\/h2>\n<p>[\/et_pb_text][et_pb_blurb image=&#8221;https:\/\/edenometepe.com\/wp-content\/uploads\/2025\/05\/Address.svg&#8221; icon_placement=&#8221;left&#8221; content_max_width=&#8221;1920px&#8221; _builder_version=&#8221;4.27.4&#8243; _module_preset=&#8221;default&#8221; body_font_size=&#8221;18px&#8221; body_line_height=&#8221;2.1em&#8221; custom_margin=&#8221;||0px||false|false&#8221; animation=&#8221;off&#8221; locked=&#8221;off&#8221; global_colors_info=&#8221;{}&#8221;]<\/p>\n<p>Hostal Ed\u00e9n<\/p>\n<p>[\/et_pb_blurb][et_pb_blurb image=&#8221;https:\/\/edenometepe.com\/wp-content\/uploads\/2025\/05\/motorcycle.svg&#8221; icon_placement=&#8221;left&#8221; content_max_width=&#8221;1920px&#8221; _builder_version=&#8221;4.27.4&#8243; _module_preset=&#8221;default&#8221; body_font_size=&#8221;18px&#8221; body_line_height=&#8221;2.1em&#8221; custom_margin=&#8221;||15px||false|false&#8221; animation=&#8221;off&#8221; locked=&#8221;off&#8221; global_colors_info=&#8221;{}&#8221;]<\/p>\n<p>24 hrs<\/p>\n<p>[\/et_pb_blurb][et_pb_text _builder_version=&#8221;4.27.4&#8243; _module_preset=&#8221;default&#8221; text_font_size=&#8221;19px&#8221; text_line_height=&#8221;1.6em&#8221; global_colors_info=&#8221;{}&#8221;]<\/p>\n<p data-start=\"63\" data-end=\"170\">Recorre cada rinc\u00f3n con total libertad alquilando el veh\u00edculo perfecto para tu aventura:<\/p>\n<ul>\n<li data-start=\"172\" data-end=\"356\"><strong data-start=\"175\" data-end=\"200\">Scooters y motos monta\u00f1eras<\/strong><span>\u00a0<\/span>\u2013 \u00c1giles y eficientes, disponibles por solo<span>\u00a0<\/span><strong data-start=\"243\" data-end=\"263\">$20 por 24 horas.<\/strong>.<\/li>\n<li data-start=\"172\" data-end=\"356\"><strong data-start=\"270\" data-end=\"291\">TV o cuatrimotos<\/strong><span>\u00a0<\/span>\u2013 Potencia y estabilidad para cualquier terreno por<span>\u00a0<\/span><strong data-start=\"333\" data-end=\"353\">$60 por 24 horas.<\/strong>.<\/li>\n<\/ul>\n<p data-start=\"358\" data-end=\"457\" data-is-last-node=\"\" data-is-only-node=\"\">Vive la emoci\u00f3n de explorar a tu ritmo. \u00a1Reserva ahora y haz de tu viaje una experiencia inolvidable!<\/p>\n<p>[\/et_pb_text][et_pb_button button_url=&#8221;https:\/\/wa.link\/yk8cay&#8221; button_text=&#8221;Tour Details&#8221; _builder_version=&#8221;4.27.4&#8243; _module_preset=&#8221;default&#8221; custom_button=&#8221;on&#8221; button_text_size=&#8221;18px&#8221; custom_padding=&#8221;10px||10px||true|false&#8221; locked=&#8221;off&#8221; global_colors_info=&#8221;{}&#8221;][\/et_pb_button][\/et_pb_column][\/et_pb_row][\/et_pb_section][et_pb_section fb_built=&#8221;1&#8243; _builder_version=&#8221;4.27.4&#8243; _module_preset=&#8221;default&#8221; background_color=&#8221;#e9f9fc&#8221; locked=&#8221;off&#8221; global_colors_info=&#8221;{}&#8221;][et_pb_row column_structure=&#8221;1_2,1_2&#8243; _builder_version=&#8221;4.27.4&#8243; _module_preset=&#8221;default&#8221; locked=&#8221;off&#8221; global_colors_info=&#8221;{}&#8221; custom_css_main_element_last_edited=&#8221;off|desktop&#8221; custom_css_main_element_tablet=&#8221;\/*display: flex;||align-items: center;||justify-content: center;*\/&#8221; custom_css_main_element_phone=&#8221;\/*display: flex;||align-items: center;||justify-content: center;*\/&#8221;][et_pb_column type=&#8221;1_2&#8243; _builder_version=&#8221;4.27.4&#8243; _module_preset=&#8221;default&#8221; global_colors_info=&#8221;{}&#8221;][et_pb_text _builder_version=&#8221;4.27.4&#8243; _module_preset=&#8221;default&#8221; text_font_size=&#8221;19px&#8221; text_line_height=&#8221;1.6em&#8221; header_2_line_height_tablet=&#8221;&#8221; header_2_line_height_phone=&#8221;1.2em&#8221; header_2_line_height_last_edited=&#8221;on|phone&#8221; global_colors_info=&#8221;{}&#8221;]<\/p>\n<h2>Alojamiento confortable<\/h2>\n<p>[\/et_pb_text][et_pb_text _builder_version=&#8221;4.27.4&#8243; _module_preset=&#8221;default&#8221; text_font_size=&#8221;19px&#8221; text_line_height=&#8221;1.6em&#8221; ul_line_height=&#8221;1.6em&#8221; global_colors_info=&#8221;{}&#8221;]<\/p>\n<p data-start=\"890\" data-end=\"960\">En Hostal Ed\u00e9n ofrecemos una variedad de habitaciones que se adaptan a tus necesidades de viaje:<\/p>\n<ul data-start=\"962\" data-end=\"1102\">\n<li data-start=\"962\" data-end=\"988\">\n<p data-start=\"964\" data-end=\"988\"><a href=\"https:\/\/edenometepe.com\/es\/producto\/deluxe-room-familiar\/\">Habitaci\u00f3n Familiar Deluxe<\/a><\/p>\n<\/li>\n<li data-start=\"989\" data-end=\"1015\">\n<p data-start=\"991\" data-end=\"1015\"><a href=\"https:\/\/edenometepe.com\/es\/producto\/deluxe-triple-room\/\">Triple Deluxe Room<\/a><\/p>\n<\/li>\n<li data-start=\"1016\" data-end=\"1045\">\n<p data-start=\"1018\" data-end=\"1045\"><a href=\"https:\/\/edenometepe.com\/es\/producto\/deluxe-quadruple-room\/\">Quadruple Deluxe Room<\/a><\/p>\n<\/li>\n<li data-start=\"1046\" data-end=\"1077\">\n<p data-start=\"1048\" data-end=\"1077\"><a href=\"https:\/\/edenometepe.com\/es\/producto\/deluxe-double\/\">Habitaci\u00f3n Doble Deluxe<\/a><\/p>\n<\/li>\n<li data-start=\"1078\" data-end=\"1102\">\n<p data-start=\"1080\" data-end=\"1102\"><a href=\"https:\/\/edenometepe.com\/es\/producto\/economy-double-room-with-shared-bathroom\/\">Single Double Room<\/a><\/p>\n<\/li>\n<\/ul>\n<p data-start=\"1104\" data-end=\"1246\">Todas las habitaciones incluyen aire acondicionado, ba\u00f1o privado, Wi-Fi y servicio de limpieza diario: todo lo que necesita para una estancia tranquila y relajante.<\/p>\n<p>[\/et_pb_text][et_pb_button button_url=&#8221;https:\/\/edenometepe.com\/categoria-producto\/rooms\/&#8221; button_text=&#8221;Reserve room&#8221; _builder_version=&#8221;4.27.4&#8243; _module_preset=&#8221;default&#8221; custom_button=&#8221;on&#8221; button_text_size=&#8221;18px&#8221; custom_padding=&#8221;10px||10px||true|false&#8221; hover_enabled=&#8221;0&#8243; locked=&#8221;off&#8221; global_colors_info=&#8221;{}&#8221; sticky_enabled=&#8221;0&#8243;][\/et_pb_button][\/et_pb_column][et_pb_column type=&#8221;1_2&#8243; _builder_version=&#8221;4.27.4&#8243; _module_preset=&#8221;default&#8221; global_colors_info=&#8221;{}&#8221;][et_pb_text _builder_version=&#8221;4.27.4&#8243; _module_preset=&#8221;default&#8221; text_font_size=&#8221;19px&#8221; text_line_height=&#8221;1.6em&#8221; header_2_line_height_tablet=&#8221;&#8221; header_2_line_height_phone=&#8221;1.2em&#8221; header_2_line_height_last_edited=&#8221;on|phone&#8221; global_colors_info=&#8221;{}&#8221;]<\/p>\n<h2>\u00bfPor qu\u00e9 elegir Hostal Ed\u00e9n para su estad\u00eda y servicios en Ometepe?<\/h2>\n<p>[\/et_pb_text][et_pb_text _builder_version=&#8221;4.27.4&#8243; _module_preset=&#8221;default&#8221; text_font_size=&#8221;19px&#8221; text_line_height=&#8221;1.6em&#8221; ul_line_height=&#8221;1.6em&#8221; global_colors_info=&#8221;{}&#8221;]<\/p>\n<ul>\n<li data-start=\"2917\" data-end=\"2977\">\n<p data-start=\"2919\" data-end=\"2977\">Ubicaci\u00f3n privilegiada en <strong data-start=\"2937\" data-end=\"2950\">Moyogalpa<\/strong>, cerca del puerto de ferry<\/p>\n<\/li>\n<li data-start=\"2978\" data-end=\"3021\">\n<p data-start=\"2980\" data-end=\"3021\">Ideal para familias y apto para mochileros.<\/p>\n<\/li>\n<li data-start=\"3022\" data-end=\"3069\">\n<p data-start=\"3024\" data-end=\"3069\">Amplia selecci\u00f3n de <strong data-start=\"3055\" data-end=\"3067\">servicios<\/strong><\/p>\n<\/li>\n<li data-start=\"3070\" data-end=\"3108\">\n<p data-start=\"3072\" data-end=\"3108\">Experiencia local y equipo biling\u00fce<\/p>\n<\/li>\n<li data-start=\"3109\" data-end=\"3145\">\n<p data-start=\"3111\" data-end=\"3145\">Limpio, c\u00f3modo y asequible.<\/p>\n<\/li>\n<\/ul>\n<p>[\/et_pb_text][\/et_pb_column][\/et_pb_row][\/et_pb_section]<\/p>","protected":false},"excerpt":{"rendered":"<p>Some of the services we provide include:At Hostal Ed\u00e9n, we offer a variety of services designed to meet the needs and comfort of our guests.Welcome to Hostal Ed\u00e9n, your ideal starting point to explore the wonders of Isla de Ometepe, located in the heart of Moyogalpa. Our wide range of services is designed to provide [&hellip;]<\/p>","protected":false},"author":2,"featured_media":0,"parent":0,"menu_order":0,"comment_status":"closed","ping_status":"closed","template":"","meta":{"_et_pb_use_builder":"on","_et_pb_old_content":"<!-- wp:divi\/placeholder \/-->","_et_gb_content_width":"","footnotes":""},"dipi_cpt_category":[],"class_list":["post-103","page","type-page","status-publish","hentry"],"_links":{"self":[{"href":"https:\/\/edenometepe.com\/es\/wp-json\/wp\/v2\/pages\/103","targetHints":{"allow":["GET"]}}],"collection":[{"href":"https:\/\/edenometepe.com\/es\/wp-json\/wp\/v2\/pages"}],"about":[{"href":"https:\/\/edenometepe.com\/es\/wp-json\/wp\/v2\/types\/page"}],"author":[{"embeddable":true,"href":"https:\/\/edenometepe.com\/es\/wp-json\/wp\/v2\/users\/2"}],"replies":[{"embeddable":true,"href":"https:\/\/edenometepe.com\/es\/wp-json\/wp\/v2\/comments?post=103"}],"version-history":[{"count":16,"href":"https:\/\/edenometepe.com\/es\/wp-json\/wp\/v2\/pages\/103\/revisions"}],"predecessor-version":[{"id":1729,"href":"https:\/\/edenometepe.com\/es\/wp-json\/wp\/v2\/pages\/103\/revisions\/1729"}],"wp:attachment":[{"href":"https:\/\/edenometepe.com\/es\/wp-json\/wp\/v2\/media?parent=103"}],"wp:term":[{"taxonomy":"dipi_cpt_category","embeddable":true,"href":"https:\/\/edenometepe.com\/es\/wp-json\/wp\/v2\/dipi_cpt_category?post=103"}],"curies":[{"name":"wp","href":"https:\/\/api.w.org\/{rel}","templated":true}]}}