{"id":70,"date":"2025-05-10T04:45:16","date_gmt":"2025-05-10T04:45:16","guid":{"rendered":"https:\/\/edenometepe.com\/?post_type=product&#038;p=70"},"modified":"2025-05-30T04:01:31","modified_gmt":"2025-05-30T04:01:31","slug":"family-room","status":"publish","type":"product","link":"https:\/\/edenometepe.com\/es\/producto\/family-room\/","title":{"rendered":"Habitaci\u00f3n familiar"},"content":{"rendered":"<p>[et_pb_section fb_built=&#8221;1&#8243; _builder_version=&#8221;4.27.4&#8243; _module_preset=&#8221;default&#8221; custom_padding=&#8221;10px||0px||false|false&#8221; global_colors_info=&#8221;{}&#8221;][et_pb_row make_equal=&#8221;on&#8221; _builder_version=&#8221;4.27.4&#8243; _module_preset=&#8221;default&#8221; width=&#8221;100%&#8221; max_width=&#8221;100%&#8221; custom_padding=&#8221;0px||0px||false|false&#8221; global_colors_info=&#8221;{}&#8221;][et_pb_column type=&#8221;4_4&#8243; _builder_version=&#8221;4.27.4&#8243; _module_preset=&#8221;default&#8221; global_colors_info=&#8221;{}&#8221;][et_pb_wc_description description_type=&#8221;description&#8221; _builder_version=&#8221;4.27.4&#8243; _module_preset=&#8221;default&#8221; body_font_size=&#8221;19px&#8221; body_line_height=&#8221;1.6em&#8221; custom_margin=&#8221;||||false|false&#8221; custom_padding=&#8221;||||false|false&#8221; global_colors_info=&#8221;{}&#8221;][\/et_pb_wc_description][et_pb_button button_url=&#8221;https:\/\/new-booking.frontdeskmaster.com?hostelId=%2Fdkfb%2BRmXDky2KCxqIBLkuVwYrXMVhBk&#8221; button_text=&#8221;Book Now&#8221; _builder_version=&#8221;4.27.4&#8243; _module_preset=&#8221;default&#8221; custom_button=&#8221;on&#8221; button_text_size=&#8221;18px&#8221; button_text_color=&#8221;#FFFFFF&#8221; button_icon=&#8221;&#x35;||divi||400&#8243; custom_margin=&#8221;||5px||false|false&#8221; custom_padding=&#8221;11px||11px||true|false&#8221; locked=&#8221;off&#8221; global_colors_info=&#8221;{}&#8221;][\/et_pb_button][et_pb_text _builder_version=&#8221;4.27.4&#8243; _module_preset=&#8221;default&#8221; custom_padding=&#8221;||20px||false|false&#8221; global_colors_info=&#8221;{}&#8221;]<\/p>\n<p>o cont\u00e1ctenos a trav\u00e9s de <a href=\"https:\/\/wa.link\/yk8cay\" target=\"_blank\" rel=\"nofollow noopener\">WhatsApp<\/a> para disponibilidad inmediata.<\/p>\n<p>[\/et_pb_text][\/et_pb_column][\/et_pb_row][et_pb_row make_equal=&#8221;on&#8221; _builder_version=&#8221;4.27.4&#8243; _module_preset=&#8221;default&#8221; width=&#8221;100%&#8221; max_width=&#8221;100%&#8221; custom_padding=&#8221;0px||0px||false|false&#8221; global_colors_info=&#8221;{}&#8221;][et_pb_column type=&#8221;4_4&#8243; _builder_version=&#8221;4.27.4&#8243; _module_preset=&#8221;default&#8221; global_colors_info=&#8221;{}&#8221;][et_pb_text _builder_version=&#8221;4.27.4&#8243; _module_preset=&#8221;default&#8221; text_font_size=&#8221;19px&#8221; header_2_font_size=&#8221;32px&#8221; header_2_line_height=&#8221;1.2em&#8221; locked=&#8221;off&#8221; global_colors_info=&#8221;{}&#8221;]<\/p>\n<div class=\"entry-heading\">\n<h2 class=\"entry-title heading-font\">Tu Refugio Familiar en Ometepe<\/h2>\n<\/div>\n<p>Nuestra <a href=\"https:\/\/edenometepe.com\/es\/tienda\/\">habitaci\u00f3n familiar<\/a> ha sido dise\u00f1ada pensando en la comodidad de grupos y familias que desean explorar la belleza natural y la tranquilidad de Ometepe sin sacrificar confort ni presupuesto. Equipadas con camas amplias, aire acondicionado, ba\u00f1o privado y acceso a Wi-Fi, nuestras habitaciones son el lugar perfecto para descansar luego de un d\u00eda de aventuras por la isla.<\/p>\n<p>[\/et_pb_text][et_pb_text _builder_version=&#8221;4.27.4&#8243; _module_preset=&#8221;default&#8221; text_font_size=&#8221;19px&#8221; header_2_font_size=&#8221;32px&#8221; header_2_line_height=&#8221;1.2em&#8221; locked=&#8221;off&#8221; global_colors_info=&#8221;{}&#8221;]<\/p>\n<div class=\"entry-heading\">\n<h2 class=\"entry-title heading-font\">Ubicaci\u00f3n Privilegiada en Moyogalpa<\/h2>\n<\/div>\n<p><a href=\"https:\/\/edenometepe.com\/es\/\">Hostal Ed\u00e9n<\/a> se encuentra a solo minutos del puerto de Moyogalpa, lo que lo convierte en el punto de partida ideal para descubrir volcanes, playas, senderos y la cultura local de Ometepe. Adem\u00e1s, <a href=\"https:\/\/edenometepe.com\/es\/tours\/\">ofrecemos informaci\u00f3n tur\u00edstica<\/a> , alquiler de motos y asistencia personalizada para que tu experiencia sea completa.<\/p>\n<p>[\/et_pb_text][et_pb_text _builder_version=&#8221;4.27.4&#8243; _module_preset=&#8221;default&#8221; text_font_size=&#8221;19px&#8221; header_2_font_size=&#8221;32px&#8221; locked=&#8221;off&#8221; global_colors_info=&#8221;{}&#8221;]<\/p>\n<div class=\"entry-heading\">\n<h2 class=\"entry-title heading-font\">\u00bfPor qu\u00e9 elegir Hostal Ed\u00e9n para tu Habitaci\u00f3n Familiar?<\/h2>\n<\/div>\n<ul>\n<li data-start=\"1301\" data-end=\"1334\">\n<p data-start=\"1303\" data-end=\"1334\">Atenci\u00f3n c\u00e1lida y personalizada<\/p>\n<\/li>\n<li data-start=\"1335\" data-end=\"1375\">\n<p data-start=\"1337\" data-end=\"1375\">Ambiente tranquilo y familiar<\/p>\n<\/li>\n<li data-start=\"1376\" data-end=\"1401\">\n<p data-start=\"1378\" data-end=\"1401\">Excelente relaci\u00f3n calidad-precio<\/p>\n<\/li>\n<li data-start=\"1402\" data-end=\"1427\">\n<p data-start=\"1404\" data-end=\"1427\">Reservas f\u00e1ciles y r\u00e1pidas<\/p>\n<\/li>\n<li data-start=\"1428\" data-end=\"1486\">\n<p data-start=\"1430\" data-end=\"1486\">Opiniones positivas de familias que ya nos han visitado<\/p>\n<\/li>\n<\/ul>\n<p>[\/et_pb_text][\/et_pb_column][\/et_pb_row][et_pb_row _builder_version=&#8221;4.27.4&#8243; _module_preset=&#8221;default&#8221; width=&#8221;100%&#8221; max_width=&#8221;100%&#8221; custom_padding=&#8221;0px|||||&#8221; global_colors_info=&#8221;{}&#8221;][et_pb_column type=&#8221;4_4&#8243; _builder_version=&#8221;4.27.4&#8243; _module_preset=&#8221;default&#8221; global_colors_info=&#8221;{}&#8221;][et_pb_text _builder_version=&#8221;4.27.4&#8243; _module_preset=&#8221;default&#8221; custom_padding=&#8221;||10px||false|false&#8221; locked=&#8221;off&#8221; global_colors_info=&#8221;{}&#8221;]<\/p>\n<div class=\"entry-heading\">\n<h3 class=\"entry-title heading-font\">Comodidades de la Habitaci\u00f3n Familiar<\/h3>\n<\/div>\n<p>[\/et_pb_text][\/et_pb_column][\/et_pb_row][et_pb_row column_structure=&#8221;1_2,1_2&#8243; _builder_version=&#8221;4.27.4&#8243; _module_preset=&#8221;default&#8221; width=&#8221;100%&#8221; max_width=&#8221;100%&#8221; custom_padding=&#8221;0px|||||&#8221; global_colors_info=&#8221;{}&#8221;][et_pb_column type=&#8221;1_2&#8243; _builder_version=&#8221;4.27.4&#8243; _module_preset=&#8221;default&#8221; global_colors_info=&#8221;{}&#8221;][et_pb_blurb image=&#8221;https:\/\/edenometepe.com\/wp-content\/uploads\/2025\/05\/Bedroom.svg&#8221; icon_placement=&#8221;left&#8221; content_max_width=&#8221;1920px&#8221; _builder_version=&#8221;4.27.4&#8243; _module_preset=&#8221;default&#8221; body_font_size=&#8221;18px&#8221; body_line_height=&#8221;2.1em&#8221; custom_margin=&#8221;||15px||false|false&#8221; animation=&#8221;off&#8221; locked=&#8221;off&#8221; global_colors_info=&#8221;{}&#8221;]One queen-size bed<br \/>\n[\/et_pb_blurb][et_pb_blurb image=&#8221;https:\/\/edenometepe.com\/wp-content\/uploads\/2025\/05\/Bedroom.svg&#8221; icon_placement=&#8221;left&#8221; content_max_width=&#8221;1920px&#8221; _builder_version=&#8221;4.27.4&#8243; _module_preset=&#8221;default&#8221; body_font_size=&#8221;18px&#8221; body_line_height=&#8221;2.1em&#8221; custom_margin=&#8221;||15px||false|false&#8221; animation=&#8221;off&#8221; locked=&#8221;off&#8221; global_colors_info=&#8221;{}&#8221;]Four single beds<br \/>\n[\/et_pb_blurb][et_pb_blurb image=&#8221;https:\/\/edenometepe.com\/wp-content\/uploads\/2025\/05\/bathroom.svg&#8221; icon_placement=&#8221;left&#8221; content_max_width=&#8221;1920px&#8221; _builder_version=&#8221;4.27.4&#8243; _module_preset=&#8221;default&#8221; body_font_size=&#8221;18px&#8221; body_line_height=&#8221;2.1em&#8221; custom_margin=&#8221;||15px||false|false&#8221; animation=&#8221;off&#8221; global_colors_info=&#8221;{}&#8221;]<\/p>\n<p>Ba\u00f1o privado<\/p>\n<p>[\/et_pb_blurb][et_pb_blurb image=&#8221;https:\/\/edenometepe.com\/wp-content\/uploads\/2025\/05\/air-conditioning.svg&#8221; icon_placement=&#8221;left&#8221; content_max_width=&#8221;1920px&#8221; _builder_version=&#8221;4.27.4&#8243; _module_preset=&#8221;default&#8221; body_font_size=&#8221;18px&#8221; body_line_height=&#8221;2.1em&#8221; custom_margin=&#8221;||15px||false|false&#8221; custom_margin_tablet=&#8221;||15px||false|false&#8221; custom_margin_phone=&#8221;||-20px||false|false&#8221; custom_margin_last_edited=&#8221;on|phone&#8221; animation=&#8221;off&#8221; locked=&#8221;off&#8221; global_colors_info=&#8221;{}&#8221;]<\/p>\n<p>Aire-condicionado<\/p>\n<p>[\/et_pb_blurb][\/et_pb_column][et_pb_column type=&#8221;1_2&#8243; _builder_version=&#8221;4.27.4&#8243; _module_preset=&#8221;default&#8221; custom_padding_tablet=&#8221;&#8221; custom_padding_phone=&#8221;||||false|false&#8221; custom_padding_last_edited=&#8221;on|phone&#8221; global_colors_info=&#8221;{}&#8221;][et_pb_blurb image=&#8221;https:\/\/edenometepe.com\/wp-content\/uploads\/2025\/05\/breakfast-cereal.svg&#8221; icon_placement=&#8221;left&#8221; content_max_width=&#8221;1920px&#8221; _builder_version=&#8221;4.27.4&#8243; _module_preset=&#8221;default&#8221; body_font_size=&#8221;18px&#8221; body_line_height=&#8221;2.1em&#8221; custom_margin=&#8221;||15px||false|false&#8221; animation=&#8221;off&#8221; global_colors_info=&#8221;{}&#8221;]Breakfast Included<br \/>\n[\/et_pb_blurb][et_pb_blurb image=&#8221;https:\/\/edenometepe.com\/wp-content\/uploads\/2025\/05\/office-chair-table.svg&#8221; icon_placement=&#8221;left&#8221; content_max_width=&#8221;1920px&#8221; _builder_version=&#8221;4.27.4&#8243; _module_preset=&#8221;default&#8221; body_font_size=&#8221;18px&#8221; body_line_height=&#8221;2.1em&#8221; custom_margin=&#8221;||15px||false|false&#8221; custom_margin_tablet=&#8221;||15px||false|false&#8221; custom_margin_phone=&#8221;||||false|false&#8221; custom_margin_last_edited=&#8221;on|phone&#8221; animation=&#8221;off&#8221; global_colors_info=&#8221;{}&#8221;]<\/p>\n<p>Escritorio<\/p>\n<p>[\/et_pb_blurb][et_pb_blurb image=&#8221;https:\/\/edenometepe.com\/wp-content\/uploads\/2025\/05\/wifi-check.svg&#8221; icon_placement=&#8221;left&#8221; content_max_width=&#8221;1920px&#8221; _builder_version=&#8221;4.27.4&#8243; _module_preset=&#8221;default&#8221; body_font_size=&#8221;18px&#8221; body_line_height=&#8221;2.1em&#8221; custom_margin=&#8221;||15px||false|false&#8221; animation=&#8221;off&#8221; global_colors_info=&#8221;{}&#8221;]Wifi Access<br \/>\n[\/et_pb_blurb][et_pb_blurb image=&#8221;https:\/\/edenometepe.com\/wp-content\/uploads\/2025\/05\/icons8-chef.svg&#8221; icon_placement=&#8221;left&#8221; content_max_width=&#8221;1920px&#8221; _builder_version=&#8221;4.27.4&#8243; _module_preset=&#8221;default&#8221; body_font_size=&#8221;18px&#8221; body_line_height=&#8221;2.1em&#8221; custom_margin=&#8221;||15px||false|false&#8221; animation=&#8221;off&#8221; global_colors_info=&#8221;{}&#8221;]Use of Shared Kitchen<br \/>\n[\/et_pb_blurb][\/et_pb_column][\/et_pb_row][et_pb_row make_equal=&#8221;on&#8221; _builder_version=&#8221;4.27.4&#8243; _module_preset=&#8221;default&#8221; width=&#8221;100%&#8221; max_width=&#8221;100%&#8221; custom_padding=&#8221;0px||0px||false|false&#8221; global_colors_info=&#8221;{}&#8221;][et_pb_column type=&#8221;4_4&#8243; _builder_version=&#8221;4.27.4&#8243; _module_preset=&#8221;default&#8221; global_colors_info=&#8221;{}&#8221;][et_pb_text _builder_version=&#8221;4.27.4&#8243; _module_preset=&#8221;default&#8221; text_font_size=&#8221;19px&#8221; locked=&#8221;off&#8221; global_colors_info=&#8221;{}&#8221;]<\/p>\n<div class=\"entry-heading\">\n<h3 class=\"entry-title heading-font\">Reglas del Hostal<\/h3>\n<\/div>\n<ul class=\"entry-detail list-rules\">\n<li>Entreda desde la 1:00pm<\/li>\n<li>Salida: 11:00 am<\/li>\n<li>No fumar<\/li>\n<li>No se permite mascota<\/li>\n<\/ul>\n<p>[\/et_pb_text][\/et_pb_column][\/et_pb_row][\/et_pb_section]<\/p>","protected":false},"excerpt":{"rendered":"<p>Sum\u00e9rjase en la comodidad de nuestra Habitaci\u00f3n Familiar, dise\u00f1ada con una paleta de colores vibrantes que crea un ambiente c\u00e1lido y acogedor\u2026<\/p>","protected":false},"featured_media":75,"comment_status":"open","ping_status":"closed","template":"","meta":{"_et_pb_use_builder":"on","_et_pb_old_content":"<div class=\"room-content toggle-content \">\r\n<div class=\"inner-content\">\r\n<div class=\"entry-visibility post-content\">\r\n\r\nImmerse yourself in the comfort of our Family Room, designed with a vibrant color palette that creates a warm and inviting atmosphere. Its spacious layout ensures a restful stay for you, your family, or friends. Enjoy quality time together in this sanctuary of comfort, perfect for unforgettable moments.\r\n\r\nAre you looking for a comfortable, safe, and affordable <a href=\"https:\/\/edenometepe.com\/rooms\/\">family room<\/a> on the charming Ometepe Island? At Hostal Ed\u00e9n, located in the heart of Moyogalpa, we offer the perfect space for you and your loved ones to enjoy an unforgettable stay.\r\n\r\n<\/div>\r\n<\/div>\r\n<\/div>\r\n<div id=\"gtx-trans\" style=\"position: absolute;left: 421px;top: 130.594px\">\r\n<div class=\"gtx-trans-icon\"><\/div>\r\n<\/div>","_et_gb_content_width":""},"product_brand":[],"product_cat":[15],"product_tag":[],"class_list":{"0":"post-70","1":"product","2":"type-product","3":"status-publish","4":"has-post-thumbnail","6":"product_cat-rooms","8":"first","9":"instock","10":"virtual","11":"sold-individually","12":"purchasable","13":"product-type-booking"},"_links":{"self":[{"href":"https:\/\/edenometepe.com\/es\/wp-json\/wp\/v2\/product\/70","targetHints":{"allow":["GET"]}}],"collection":[{"href":"https:\/\/edenometepe.com\/es\/wp-json\/wp\/v2\/product"}],"about":[{"href":"https:\/\/edenometepe.com\/es\/wp-json\/wp\/v2\/types\/product"}],"replies":[{"embeddable":true,"href":"https:\/\/edenometepe.com\/es\/wp-json\/wp\/v2\/comments?post=70"}],"wp:featuredmedia":[{"embeddable":true,"href":"https:\/\/edenometepe.com\/es\/wp-json\/wp\/v2\/media\/75"}],"wp:attachment":[{"href":"https:\/\/edenometepe.com\/es\/wp-json\/wp\/v2\/media?parent=70"}],"wp:term":[{"taxonomy":"product_brand","embeddable":true,"href":"https:\/\/edenometepe.com\/es\/wp-json\/wp\/v2\/product_brand?post=70"},{"taxonomy":"product_cat","embeddable":true,"href":"https:\/\/edenometepe.com\/es\/wp-json\/wp\/v2\/product_cat?post=70"},{"taxonomy":"product_tag","embeddable":true,"href":"https:\/\/edenometepe.com\/es\/wp-json\/wp\/v2\/product_tag?post=70"}],"curies":[{"name":"wp","href":"https:\/\/api.w.org\/{rel}","templated":true}]}}