{"id":820,"date":"2025-05-15T19:59:02","date_gmt":"2025-05-15T19:59:02","guid":{"rendered":"https:\/\/edenometepe.com\/?post_type=product&#038;p=820"},"modified":"2025-06-28T01:16:46","modified_gmt":"2025-06-28T01:16:46","slug":"deluxe-quadruple-room","status":"publish","type":"product","link":"https:\/\/edenometepe.com\/es\/producto\/deluxe-quadruple-room\/","title":{"rendered":"Habitaci\u00f3n Cu\u00e1druple con A\/C y Vista \u2013 Ometepe"},"content":{"rendered":"<p>[et_pb_section fb_built=&#8221;1&#8243; _builder_version=&#8221;4.27.4&#8243; _module_preset=&#8221;default&#8221; custom_padding=&#8221;10px||0px||false|false&#8221; global_colors_info=&#8221;{}&#8221;][et_pb_row make_equal=&#8221;on&#8221; _builder_version=&#8221;4.27.4&#8243; _module_preset=&#8221;default&#8221; width=&#8221;100%&#8221; max_width=&#8221;100%&#8221; custom_padding=&#8221;0px||0px||false|false&#8221; global_colors_info=&#8221;{}&#8221;][et_pb_column type=&#8221;4_4&#8243; _builder_version=&#8221;4.27.4&#8243; _module_preset=&#8221;default&#8221; global_colors_info=&#8221;{}&#8221;][et_pb_wc_description description_type=&#8221;description&#8221; _builder_version=&#8221;4.27.4&#8243; _module_preset=&#8221;default&#8221; body_font_size=&#8221;19px&#8221; body_line_height=&#8221;1.6em&#8221; custom_margin=&#8221;||||false|false&#8221; custom_padding=&#8221;||||false|false&#8221; global_colors_info=&#8221;{}&#8221;][\/et_pb_wc_description][et_pb_button button_url=&#8221;https:\/\/new-booking.frontdeskmaster.com?hostelId=%2Fdkfb%2BRmXDky2KCxqIBLkuVwYrXMVhBk&#8221; button_text=&#8221;Book Now&#8221; _builder_version=&#8221;4.27.4&#8243; _module_preset=&#8221;default&#8221; custom_button=&#8221;on&#8221; button_text_size=&#8221;18px&#8221; button_text_color=&#8221;#FFFFFF&#8221; button_icon=&#8221;&#x35;||divi||400&#8243; custom_padding=&#8221;11px||11px||true|false&#8221; locked=&#8221;off&#8221; global_colors_info=&#8221;{}&#8221;][\/et_pb_button][et_pb_text _builder_version=&#8221;4.27.4&#8243; _module_preset=&#8221;default&#8221; custom_padding=&#8221;||20px||false|false&#8221; locked=&#8221;off&#8221; global_colors_info=&#8221;{}&#8221;]<\/p>\n<p>o cont\u00e1ctenos a trav\u00e9s de <a href=\"https:\/\/wa.link\/yk8cay\" target=\"_blank\" rel=\"nofollow noopener\">WhatsApp<\/a> para disponibilidad inmediata.<\/p>\n<p>[\/et_pb_text][et_pb_text _builder_version=&#8221;4.27.4&#8243; _module_preset=&#8221;default&#8221; custom_padding=&#8221;||10px||false|false&#8221; locked=&#8221;off&#8221; global_colors_info=&#8221;{}&#8221;]<\/p>\n<div class=\"entry-heading\">\n<h2 class=\"entry-title heading-font\">Descansa con Estilo en Nuestra Habitaci\u00f3n Cu\u00e1druple Deluxe.<\/h2>\n<p>\u00bfPlaneas una escapada en grupo o con tu familia y buscas una <a href=\"https:\/\/edenometepe.com\/es\/categoria-producto\/rooms\/\">habitaci\u00f3n<\/a> Quadruple Deluxe en la Isla de Ometepe? <strong data-start=\"231\" data-end=\"246\">Hostal Ed\u00e9n<\/strong>, te ofrecemos una experiencia superior de hospedaje en Moyogalpa con todas las comodidades que necesitas para relajarte y disfrutar al m\u00e1ximo.<\/p>\n<\/div>\n<p>[\/et_pb_text][et_pb_text _builder_version=&#8221;4.27.4&#8243; _module_preset=&#8221;default&#8221; custom_padding=&#8221;||10px||false|false&#8221; locked=&#8221;off&#8221; global_colors_info=&#8221;{}&#8221;]<\/p>\n<div class=\"entry-heading\">\n<h2 class=\"entry-title heading-font\">Comodidad y Estilo en un Solo Lugar<\/h2>\n<p>Nuestra <a href=\"https:\/\/edenometepe.com\/es\/categoria-producto\/rooms\/\">habitaci\u00f3n<\/a> Cuadruple Deluxe combina amplitud, dise\u00f1o acogedor y servicios de alta calidad. Ideal para grupos de amigos, familias o viajeros que desean compartir espacio sin renunciar al confort. Disfruta de un ambiente moderno, limpio y cuidadosamente preparado para ofrecerte el descanso que mereces.<\/p>\n<\/div>\n<p>[\/et_pb_text][et_pb_text _builder_version=&#8221;4.27.4&#8243; _module_preset=&#8221;default&#8221; custom_padding=&#8221;||10px||false|false&#8221; locked=&#8221;off&#8221; global_colors_info=&#8221;{}&#8221;]<\/p>\n<div class=\"entry-heading\">\n<h2 class=\"entry-title heading-font\">Excelente <a href=\"https:\/\/es.wikipedia.org\/wiki\/Moyogalpa\" target=\"_blank\" rel=\"nofollow noopener\">Ubicaci\u00f3n en Moyogalpa<\/a><\/h2>\n<p><a href=\"https:\/\/es.wikipedia.org\/wiki\/Moyogalpa\" target=\"_blank\" rel=\"nofollow noopener\">Situado a pocos pasos del puerto de Moyogalpa<\/a>, Hostal Ed\u00e9n te coloca cerca de todo: restaurantes, supermercados, alquiler de motos y los principales puntos tur\u00edsticos de la isla. Nuestra ubicaci\u00f3n privilegiada facilita el acceso a actividades como senderismo, ciclismo, visitas a volcanes y playas.<\/p>\n<\/div>\n<p>[\/et_pb_text][et_pb_text _builder_version=&#8221;4.27.4&#8243; _module_preset=&#8221;default&#8221; custom_padding=&#8221;||10px||false|false&#8221; locked=&#8221;off&#8221; global_colors_info=&#8221;{}&#8221;]<\/p>\n<div class=\"entry-heading\">\n<h3 class=\"entry-title heading-font\">\u00bfPor qu\u00e9 elegir nuestra Habitaci\u00f3n Cu\u00e1druple Deluxe?<\/h3>\n<ul>\n<li data-start=\"1291\" data-end=\"1325\">\n<p data-start=\"1293\" data-end=\"1325\">Espacio y comodidad para 4 personas<\/p>\n<\/li>\n<li data-start=\"1326\" data-end=\"1365\">\n<p data-start=\"1328\" data-end=\"1365\">Perfecta para familias o grupos de viaje<\/p>\n<\/li>\n<li data-start=\"1366\" data-end=\"1413\">\n<p data-start=\"1368\" data-end=\"1413\">Atenci\u00f3n personalizada y ambiente seguro<\/p>\n<\/li>\n<li data-start=\"1414\" data-end=\"1462\">\n<p data-start=\"1416\" data-end=\"1462\">Precios accesibles sin sacrificar calidad<\/p>\n<\/li>\n<li data-start=\"1463\" data-end=\"1504\">\n<p data-start=\"1465\" data-end=\"1504\">Opiniones excelentes de hu\u00e9spedes satisfechos<\/p>\n<\/li>\n<\/ul>\n<\/div>\n<p>[\/et_pb_text][\/et_pb_column][\/et_pb_row][et_pb_row make_equal=&#8221;on&#8221; _builder_version=&#8221;4.27.4&#8243; _module_preset=&#8221;default&#8221; width=&#8221;100%&#8221; max_width=&#8221;100%&#8221; custom_padding=&#8221;0px||0px||false|false&#8221; global_colors_info=&#8221;{}&#8221;][et_pb_column type=&#8221;4_4&#8243; _builder_version=&#8221;4.27.4&#8243; _module_preset=&#8221;default&#8221; global_colors_info=&#8221;{}&#8221;][et_pb_text _builder_version=&#8221;4.27.4&#8243; _module_preset=&#8221;default&#8221; custom_padding=&#8221;||10px||false|false&#8221; locked=&#8221;off&#8221; global_colors_info=&#8221;{}&#8221;]<\/p>\n<h3>Caracter\u00edsticas de la Habitaci\u00f3n Cu\u00e1druple Deluxe<\/h3>\n<p>[\/et_pb_text][\/et_pb_column][\/et_pb_row][et_pb_row column_structure=&#8221;1_2,1_2&#8243; _builder_version=&#8221;4.27.4&#8243; _module_preset=&#8221;default&#8221; width=&#8221;100%&#8221; max_width=&#8221;100%&#8221; custom_padding=&#8221;0px|||||&#8221; global_colors_info=&#8221;{}&#8221;][et_pb_column type=&#8221;1_2&#8243; _builder_version=&#8221;4.27.4&#8243; _module_preset=&#8221;default&#8221; global_colors_info=&#8221;{}&#8221;][et_pb_blurb image=&#8221;https:\/\/edenometepe.com\/wp-content\/uploads\/2025\/05\/Bedroom.svg&#8221; icon_placement=&#8221;left&#8221; content_max_width=&#8221;1920px&#8221; _builder_version=&#8221;4.27.4&#8243; _module_preset=&#8221;default&#8221; body_font_size=&#8221;18px&#8221; body_line_height=&#8221;2.1em&#8221; custom_margin=&#8221;||15px||false|false&#8221; animation=&#8221;off&#8221; locked=&#8221;off&#8221; global_colors_info=&#8221;{}&#8221;]One queen-size bed<br \/>\n[\/et_pb_blurb][et_pb_blurb image=&#8221;https:\/\/edenometepe.com\/wp-content\/uploads\/2025\/05\/Bedroom.svg&#8221; icon_placement=&#8221;left&#8221; content_max_width=&#8221;1920px&#8221; _builder_version=&#8221;4.27.4&#8243; _module_preset=&#8221;default&#8221; body_font_size=&#8221;18px&#8221; body_line_height=&#8221;2.1em&#8221; custom_margin=&#8221;||15px||false|false&#8221; animation=&#8221;off&#8221; locked=&#8221;off&#8221; global_colors_info=&#8221;{}&#8221;]<\/p>\n<p>Two single beds<\/p>\n<p>[\/et_pb_blurb][et_pb_blurb image=&#8221;https:\/\/edenometepe.com\/wp-content\/uploads\/2025\/05\/bathroom.svg&#8221; icon_placement=&#8221;left&#8221; content_max_width=&#8221;1920px&#8221; _builder_version=&#8221;4.27.4&#8243; _module_preset=&#8221;default&#8221; body_font_size=&#8221;18px&#8221; body_line_height=&#8221;2.1em&#8221; custom_margin=&#8221;||15px||false|false&#8221; animation=&#8221;off&#8221; global_colors_info=&#8221;{}&#8221;]<\/p>\n<p>Ba\u00f1o privado<\/p>\n<p>[\/et_pb_blurb][et_pb_blurb image=&#8221;https:\/\/edenometepe.com\/wp-content\/uploads\/2025\/05\/air-conditioning.svg&#8221; icon_placement=&#8221;left&#8221; content_max_width=&#8221;1920px&#8221; _builder_version=&#8221;4.27.4&#8243; _module_preset=&#8221;default&#8221; body_font_size=&#8221;18px&#8221; body_line_height=&#8221;2.1em&#8221; custom_margin=&#8221;||15px||false|false&#8221; custom_margin_tablet=&#8221;||15px||false|false&#8221; custom_margin_phone=&#8221;||-20px||false|false&#8221; custom_margin_last_edited=&#8221;on|phone&#8221; animation=&#8221;off&#8221; locked=&#8221;off&#8221; global_colors_info=&#8221;{}&#8221;]<\/p>\n<p>Aire-condicionado<\/p>\n<p>[\/et_pb_blurb][\/et_pb_column][et_pb_column type=&#8221;1_2&#8243; _builder_version=&#8221;4.27.4&#8243; _module_preset=&#8221;default&#8221; custom_padding_tablet=&#8221;&#8221; custom_padding_phone=&#8221;||||false|false&#8221; custom_padding_last_edited=&#8221;on|phone&#8221; global_colors_info=&#8221;{}&#8221;][et_pb_blurb image=&#8221;https:\/\/edenometepe.com\/wp-content\/uploads\/2025\/05\/breakfast-cereal.svg&#8221; icon_placement=&#8221;left&#8221; content_max_width=&#8221;1920px&#8221; _builder_version=&#8221;4.27.4&#8243; _module_preset=&#8221;default&#8221; body_font_size=&#8221;18px&#8221; body_line_height=&#8221;2.1em&#8221; custom_margin=&#8221;||15px||false|false&#8221; animation=&#8221;off&#8221; global_colors_info=&#8221;{}&#8221;]Breakfast Included<br \/>\n[\/et_pb_blurb][et_pb_blurb image=&#8221;https:\/\/edenometepe.com\/wp-content\/uploads\/2025\/05\/office-chair-table.svg&#8221; icon_placement=&#8221;left&#8221; content_max_width=&#8221;1920px&#8221; _builder_version=&#8221;4.27.4&#8243; _module_preset=&#8221;default&#8221; body_font_size=&#8221;18px&#8221; body_line_height=&#8221;2.1em&#8221; custom_margin=&#8221;||15px||false|false&#8221; custom_margin_tablet=&#8221;||15px||false|false&#8221; custom_margin_phone=&#8221;||||false|false&#8221; custom_margin_last_edited=&#8221;on|phone&#8221; animation=&#8221;off&#8221; global_colors_info=&#8221;{}&#8221;]<\/p>\n<p>Escritorio<\/p>\n<p>[\/et_pb_blurb][et_pb_blurb image=&#8221;https:\/\/edenometepe.com\/wp-content\/uploads\/2025\/05\/wifi-check.svg&#8221; icon_placement=&#8221;left&#8221; content_max_width=&#8221;1920px&#8221; _builder_version=&#8221;4.27.4&#8243; _module_preset=&#8221;default&#8221; body_font_size=&#8221;18px&#8221; body_line_height=&#8221;2.1em&#8221; custom_margin=&#8221;||15px||false|false&#8221; animation=&#8221;off&#8221; global_colors_info=&#8221;{}&#8221;]Wifi Access<br \/>\n[\/et_pb_blurb][et_pb_blurb image=&#8221;https:\/\/edenometepe.com\/wp-content\/uploads\/2025\/05\/icons8-chef.svg&#8221; icon_placement=&#8221;left&#8221; content_max_width=&#8221;1920px&#8221; _builder_version=&#8221;4.27.4&#8243; _module_preset=&#8221;default&#8221; body_font_size=&#8221;18px&#8221; body_line_height=&#8221;2.1em&#8221; custom_margin=&#8221;||15px||false|false&#8221; animation=&#8221;off&#8221; global_colors_info=&#8221;{}&#8221;]Use of Shared Kitchen<br \/>\n[\/et_pb_blurb][\/et_pb_column][\/et_pb_row][et_pb_row make_equal=&#8221;on&#8221; _builder_version=&#8221;4.27.4&#8243; _module_preset=&#8221;default&#8221; width=&#8221;100%&#8221; max_width=&#8221;100%&#8221; custom_padding=&#8221;0px||0px||false|false&#8221; global_colors_info=&#8221;{}&#8221;][et_pb_column type=&#8221;4_4&#8243; _builder_version=&#8221;4.27.4&#8243; _module_preset=&#8221;default&#8221; global_colors_info=&#8221;{}&#8221;][et_pb_text _builder_version=&#8221;4.27.4&#8243; _module_preset=&#8221;default&#8221; locked=&#8221;off&#8221; global_colors_info=&#8221;{}&#8221;]<\/p>\n<div class=\"entry-heading\">\n<h3 class=\"entry-title heading-font\">Reglas del Hostal<\/h3>\n<\/div>\n<ul class=\"entry-detail list-rules\">\n<li>Entreda desde la 1:00pm<\/li>\n<li>Salida: 11:00 am<\/li>\n<li>No fumar<\/li>\n<li>No se permite mascota<\/li>\n<\/ul>\n<p>[\/et_pb_text][\/et_pb_column][\/et_pb_row][\/et_pb_section]<\/p>","protected":false},"excerpt":{"rendered":"<p>Nuestra Habitaci\u00f3n Cu\u00e1druple es un santuario de confort dise\u00f1ado para satisfacer las necesidades de familias o grupos de amigos\u2026<\/p>","protected":false},"featured_media":826,"comment_status":"open","ping_status":"closed","template":"","meta":{"_et_pb_use_builder":"on","_et_pb_old_content":"Our Quadruple Room is a sanctuary of comfort designed to meet the needs of families or groups of friends. With vibrant d\u00e9cor and spacious interiors, this room features a queen-size bed and a double bed, ensuring a restful stay for everyone. From the balcony, you can enjoy stunning views while sharing unforgettable moments.\r\n<div id=\"gtx-trans\" style=\"position: absolute;left: 88px;top: 7px\">\r\n<div class=\"gtx-trans-icon\"><\/div>\r\n<\/div>","_et_gb_content_width":""},"product_brand":[],"product_cat":[15],"product_tag":[],"class_list":{"0":"post-820","1":"product","2":"type-product","3":"status-publish","4":"has-post-thumbnail","6":"product_cat-rooms","8":"first","9":"instock","10":"virtual","11":"sold-individually","12":"purchasable","13":"product-type-booking"},"_links":{"self":[{"href":"https:\/\/edenometepe.com\/es\/wp-json\/wp\/v2\/product\/820","targetHints":{"allow":["GET"]}}],"collection":[{"href":"https:\/\/edenometepe.com\/es\/wp-json\/wp\/v2\/product"}],"about":[{"href":"https:\/\/edenometepe.com\/es\/wp-json\/wp\/v2\/types\/product"}],"replies":[{"embeddable":true,"href":"https:\/\/edenometepe.com\/es\/wp-json\/wp\/v2\/comments?post=820"}],"wp:featuredmedia":[{"embeddable":true,"href":"https:\/\/edenometepe.com\/es\/wp-json\/wp\/v2\/media\/826"}],"wp:attachment":[{"href":"https:\/\/edenometepe.com\/es\/wp-json\/wp\/v2\/media?parent=820"}],"wp:term":[{"taxonomy":"product_brand","embeddable":true,"href":"https:\/\/edenometepe.com\/es\/wp-json\/wp\/v2\/product_brand?post=820"},{"taxonomy":"product_cat","embeddable":true,"href":"https:\/\/edenometepe.com\/es\/wp-json\/wp\/v2\/product_cat?post=820"},{"taxonomy":"product_tag","embeddable":true,"href":"https:\/\/edenometepe.com\/es\/wp-json\/wp\/v2\/product_tag?post=820"}],"curies":[{"name":"wp","href":"https:\/\/api.w.org\/{rel}","templated":true}]}}