{"id":827,"date":"2025-05-15T20:04:14","date_gmt":"2025-05-15T20:04:14","guid":{"rendered":"https:\/\/edenometepe.com\/?post_type=product&#038;p=827"},"modified":"2025-05-30T05:11:29","modified_gmt":"2025-05-30T05:11:29","slug":"deluxe-triple-room","status":"publish","type":"product","link":"https:\/\/edenometepe.com\/es\/producto\/deluxe-triple-room\/","title":{"rendered":"Habitaci\u00f3n Triple Deluxe"},"content":{"rendered":"<p>[et_pb_section fb_built=&#8221;1&#8243; _builder_version=&#8221;4.27.4&#8243; _module_preset=&#8221;default&#8221; custom_padding=&#8221;10px||0px||false|false&#8221; global_colors_info=&#8221;{}&#8221;][et_pb_row make_equal=&#8221;on&#8221; _builder_version=&#8221;4.27.4&#8243; _module_preset=&#8221;default&#8221; width=&#8221;100%&#8221; max_width=&#8221;100%&#8221; custom_padding=&#8221;0px||0px||false|false&#8221; global_colors_info=&#8221;{}&#8221;][et_pb_column type=&#8221;4_4&#8243; _builder_version=&#8221;4.27.4&#8243; _module_preset=&#8221;default&#8221; global_colors_info=&#8221;{}&#8221;][et_pb_wc_description description_type=&#8221;description&#8221; _builder_version=&#8221;4.27.4&#8243; _module_preset=&#8221;default&#8221; body_font_size=&#8221;19px&#8221; body_line_height=&#8221;1.6em&#8221; custom_margin=&#8221;||||false|false&#8221; custom_padding=&#8221;||0px||false|false&#8221; global_colors_info=&#8221;{}&#8221;][\/et_pb_wc_description][et_pb_button button_url=&#8221;https:\/\/new-booking.frontdeskmaster.com?hostelId=%2Fdkfb%2BRmXDky2KCxqIBLkuVwYrXMVhBk&#8221; button_text=&#8221;Book Now&#8221; _builder_version=&#8221;4.27.4&#8243; _module_preset=&#8221;default&#8221; custom_button=&#8221;on&#8221; button_text_size=&#8221;18px&#8221; button_text_color=&#8221;#FFFFFF&#8221; button_icon=&#8221;&#x35;||divi||400&#8243; custom_padding=&#8221;11px||11px||true|false&#8221; locked=&#8221;off&#8221; global_colors_info=&#8221;{}&#8221;][\/et_pb_button][et_pb_text _builder_version=&#8221;4.27.4&#8243; _module_preset=&#8221;default&#8221; custom_padding=&#8221;||20px||false|false&#8221; locked=&#8221;off&#8221; global_colors_info=&#8221;{}&#8221;]<\/p>\n<p>o cont\u00e1ctenos a trav\u00e9s de <a href=\"https:\/\/wa.link\/yk8cay\" target=\"_blank\" rel=\"nofollow noopener\">WhatsApp<\/a> para disponibilidad inmediata.<\/p>\n<p>[\/et_pb_text][\/et_pb_column][\/et_pb_row][et_pb_row make_equal=&#8221;on&#8221; _builder_version=&#8221;4.27.4&#8243; _module_preset=&#8221;default&#8221; width=&#8221;100%&#8221; max_width=&#8221;100%&#8221; custom_padding=&#8221;0px||0px||false|false&#8221; global_colors_info=&#8221;{}&#8221;][et_pb_column type=&#8221;4_4&#8243; _builder_version=&#8221;4.27.4&#8243; _module_preset=&#8221;default&#8221; global_colors_info=&#8221;{}&#8221;][et_pb_text _builder_version=&#8221;4.27.4&#8243; _module_preset=&#8221;default&#8221; custom_padding=&#8221;||10px||false|false&#8221; locked=&#8221;off&#8221; global_colors_info=&#8221;{}&#8221;]<\/p>\n<div class=\"entry-heading\">\n<h2 class=\"entry-title heading-font\">Reserva tu Habitaci\u00f3n Triple Deluxe en Moyogalpa Isla de Ometepe<\/h2>\n<p>\u00bfBuscas una <strong data-start=\"164\" data-end=\"186\">Habitaci\u00f3n Triple Deluxe<\/strong> en Moyogalpa que combine comodidad, estilo y una excelente ubicaci\u00f3n? En <strong data-start=\"255\" data-end=\"270\">Hostal Ed\u00e9n<\/strong>, te ofrecemos la opci\u00f3n ideal para grupos peque\u00f1os, amigos o familias que desean descubrir la magia de la Isla de Ometepe sin renunciar al confort.<\/p>\n<\/div>\n<p>[\/et_pb_text][et_pb_text _builder_version=&#8221;4.27.4&#8243; _module_preset=&#8221;default&#8221; custom_padding=&#8221;||10px||false|false&#8221; locked=&#8221;off&#8221; global_colors_info=&#8221;{}&#8221;]<\/p>\n<div class=\"entry-heading\">\n<h2 class=\"entry-title heading-font\">Confort Superior en el Coraz\u00f3n de Ometepe<\/h2>\n<p>Nuestra <strong data-start=\"472\" data-end=\"494\">Habitaci\u00f3n Triple Deluxe<\/strong> ha sido cuidadosamente dise\u00f1ada para brindarte una experiencia acogedora, espaciosa y con todas las comodidades modernas. Ya sea que viajes con amigos o con tus seres queridos, en Hostal Ed\u00e9n encontrar\u00e1s el lugar perfecto para descansar y desconectarte de la rutina.<\/p>\n<\/div>\n<p>[\/et_pb_text][et_pb_text _builder_version=&#8221;4.27.4&#8243; _module_preset=&#8221;default&#8221; custom_padding=&#8221;||10px||false|false&#8221; locked=&#8221;off&#8221; global_colors_info=&#8221;{}&#8221;]<\/p>\n<div class=\"entry-heading\">\n<h2 class=\"entry-title heading-font\"><a href=\"https:\/\/es.wikipedia.org\/wiki\/Moyogalpa\" target=\"_blank\" rel=\"nofollow noopener\">Ubicaci\u00f3n en Moyogalpa<\/a><\/h2>\n<p>Hostal Ed\u00e9n se encuentra a solo minutos del puerto principal de Moyogalpa, facilitando tu llegada y salida de la isla. Adem\u00e1s, estamos cerca de restaurantes, tiendas, farmacias y puntos tur\u00edsticos como el <a href=\"https:\/\/es.wikipedia.org\/wiki\/Volc%C3%A1n_Concepci%C3%B3n\" target=\"_blank\" rel=\"nofollow noopener\">Volcan Concepci\u00f3n<\/a>, playas y reservas naturales.<\/p>\n<\/div>\n<p>[\/et_pb_text][et_pb_text _builder_version=&#8221;4.27.4&#8243; _module_preset=&#8221;default&#8221; custom_padding=&#8221;||10px||false|false&#8221; locked=&#8221;off&#8221; global_colors_info=&#8221;{}&#8221;]<\/p>\n<div class=\"entry-heading\">\n<h3 class=\"entry-title heading-font\">Ventajas de Reservar con Hostal Ed\u00e9n:<\/h3>\n<ul data-start=\"1237\" data-end=\"1482\">\n<li data-start=\"1237\" data-end=\"1295\">\n<p data-start=\"1239\" data-end=\"1295\">Atenci\u00f3n personalizada y ambiente seguro<\/p>\n<\/li>\n<li data-start=\"1296\" data-end=\"1325\">\n<p data-start=\"1298\" data-end=\"1325\">Excelente relaci\u00f3n calidad-precio<\/p>\n<\/li>\n<li data-start=\"1326\" data-end=\"1368\">\n<p data-start=\"1328\" data-end=\"1368\">Espacios limpios, modernos y bien equipados<\/p>\n<\/li>\n<li data-start=\"1369\" data-end=\"1431\">\n<p data-start=\"1371\" data-end=\"1431\">Personal local listo para <a href=\"https:\/\/edenometepe.com\/es\/tours\/\">ayudar con los tours<\/a> y recomendaciones<\/p>\n<\/li>\n<li data-start=\"1432\" data-end=\"1482\">\n<p data-start=\"1434\" data-end=\"1482\">Reservas directas con la mejor tarifa garantizada<\/p>\n<\/li>\n<\/ul>\n<p data-start=\"1484\" data-end=\"1705\">No pierdas la oportunidad de hospedarte en una de las mejores opciones de Moyogalpa. <a href=\"https:\/\/new-booking.frontdeskmaster.com\/?hostelId=%2Fdkfb%2BRmXDky2KCxqIBLkuVwYrXMVhBk\" target=\"_blank\" rel=\"nofollow noopener\"><strong data-start=\"1560\" data-end=\"1596\">Reserva ya tu habitaci\u00f3n Triple Deluxe<\/strong><\/a> en la Isla de Ometepe y vive una experiencia inolvidable con el respaldo y la hospitalidad de Hostal Ed\u00e9n.<\/p>\n<\/div>\n<p>[\/et_pb_text][et_pb_text _builder_version=&#8221;4.27.4&#8243; _module_preset=&#8221;default&#8221; custom_padding=&#8221;||10px||false|false&#8221; locked=&#8221;off&#8221; global_colors_info=&#8221;{}&#8221;]<\/p>\n<div class=\"entry-heading\">\n<h3 class=\"entry-title heading-font\">\u00bfQu\u00e9 incluye nuestra Habitaci\u00f3n Triple Deluxe?<\/h3>\n<\/div>\n<p>[\/et_pb_text][\/et_pb_column][\/et_pb_row][et_pb_row column_structure=&#8221;1_2,1_2&#8243; _builder_version=&#8221;4.27.4&#8243; _module_preset=&#8221;default&#8221; width=&#8221;100%&#8221; max_width=&#8221;100%&#8221; custom_padding=&#8221;0px|||||&#8221; global_colors_info=&#8221;{}&#8221;][et_pb_column type=&#8221;1_2&#8243; _builder_version=&#8221;4.27.4&#8243; _module_preset=&#8221;default&#8221; global_colors_info=&#8221;{}&#8221;][et_pb_blurb image=&#8221;https:\/\/edenometepe.com\/wp-content\/uploads\/2025\/05\/Bedroom.svg&#8221; icon_placement=&#8221;left&#8221; content_max_width=&#8221;1920px&#8221; _builder_version=&#8221;4.27.4&#8243; _module_preset=&#8221;default&#8221; body_font_size=&#8221;18px&#8221; body_line_height=&#8221;2.1em&#8221; custom_margin=&#8221;||15px||false|false&#8221; animation=&#8221;off&#8221; locked=&#8221;off&#8221; global_colors_info=&#8221;{}&#8221;]One queen-size bed<br \/>\n[\/et_pb_blurb][et_pb_blurb image=&#8221;https:\/\/edenometepe.com\/wp-content\/uploads\/2025\/05\/Bedroom.svg&#8221; icon_placement=&#8221;left&#8221; content_max_width=&#8221;1920px&#8221; _builder_version=&#8221;4.27.4&#8243; _module_preset=&#8221;default&#8221; body_font_size=&#8221;18px&#8221; body_line_height=&#8221;2.1em&#8221; custom_margin=&#8221;||15px||false|false&#8221; animation=&#8221;off&#8221; locked=&#8221;off&#8221; global_colors_info=&#8221;{}&#8221;]<\/p>\n<p>Una cama individual<\/p>\n<p>[\/et_pb_blurb][et_pb_blurb image=&#8221;https:\/\/edenometepe.com\/wp-content\/uploads\/2025\/05\/bathroom.svg&#8221; icon_placement=&#8221;left&#8221; content_max_width=&#8221;1920px&#8221; _builder_version=&#8221;4.27.4&#8243; _module_preset=&#8221;default&#8221; body_font_size=&#8221;18px&#8221; body_line_height=&#8221;2.1em&#8221; custom_margin=&#8221;||15px||false|false&#8221; animation=&#8221;off&#8221; global_colors_info=&#8221;{}&#8221;]<\/p>\n<p>Ba\u00f1o privado<\/p>\n<p>[\/et_pb_blurb][et_pb_blurb image=&#8221;https:\/\/edenometepe.com\/wp-content\/uploads\/2025\/05\/air-conditioning.svg&#8221; icon_placement=&#8221;left&#8221; content_max_width=&#8221;1920px&#8221; _builder_version=&#8221;4.27.4&#8243; _module_preset=&#8221;default&#8221; body_font_size=&#8221;18px&#8221; body_line_height=&#8221;2.1em&#8221; custom_margin=&#8221;||15px||false|false&#8221; custom_margin_tablet=&#8221;||15px||false|false&#8221; custom_margin_phone=&#8221;||-20px||false|false&#8221; custom_margin_last_edited=&#8221;on|phone&#8221; animation=&#8221;off&#8221; locked=&#8221;off&#8221; global_colors_info=&#8221;{}&#8221;]<\/p>\n<p>Aire-condicionado<\/p>\n<p>[\/et_pb_blurb][\/et_pb_column][et_pb_column type=&#8221;1_2&#8243; _builder_version=&#8221;4.27.4&#8243; _module_preset=&#8221;default&#8221; custom_padding_tablet=&#8221;&#8221; custom_padding_phone=&#8221;||||false|false&#8221; custom_padding_last_edited=&#8221;on|phone&#8221; global_colors_info=&#8221;{}&#8221;][et_pb_blurb image=&#8221;https:\/\/edenometepe.com\/wp-content\/uploads\/2025\/05\/breakfast-cereal.svg&#8221; icon_placement=&#8221;left&#8221; content_max_width=&#8221;1920px&#8221; _builder_version=&#8221;4.27.4&#8243; _module_preset=&#8221;default&#8221; body_font_size=&#8221;18px&#8221; body_line_height=&#8221;2.1em&#8221; custom_margin=&#8221;||15px||false|false&#8221; animation=&#8221;off&#8221; global_colors_info=&#8221;{}&#8221;]Breakfast Included<br \/>\n[\/et_pb_blurb][et_pb_blurb image=&#8221;https:\/\/edenometepe.com\/wp-content\/uploads\/2025\/05\/office-chair-table.svg&#8221; icon_placement=&#8221;left&#8221; content_max_width=&#8221;1920px&#8221; _builder_version=&#8221;4.27.4&#8243; _module_preset=&#8221;default&#8221; body_font_size=&#8221;18px&#8221; body_line_height=&#8221;2.1em&#8221; custom_margin=&#8221;||15px||false|false&#8221; custom_margin_tablet=&#8221;||15px||false|false&#8221; custom_margin_phone=&#8221;||||false|false&#8221; custom_margin_last_edited=&#8221;on|phone&#8221; animation=&#8221;off&#8221; global_colors_info=&#8221;{}&#8221;]<\/p>\n<p>Escritorio<\/p>\n<p>[\/et_pb_blurb][et_pb_blurb image=&#8221;https:\/\/edenometepe.com\/wp-content\/uploads\/2025\/05\/wifi-check.svg&#8221; icon_placement=&#8221;left&#8221; content_max_width=&#8221;1920px&#8221; _builder_version=&#8221;4.27.4&#8243; _module_preset=&#8221;default&#8221; body_font_size=&#8221;18px&#8221; body_line_height=&#8221;2.1em&#8221; custom_margin=&#8221;||15px||false|false&#8221; animation=&#8221;off&#8221; global_colors_info=&#8221;{}&#8221;]Wifi Access<br \/>\n[\/et_pb_blurb][et_pb_blurb image=&#8221;https:\/\/edenometepe.com\/wp-content\/uploads\/2025\/05\/icons8-chef.svg&#8221; icon_placement=&#8221;left&#8221; content_max_width=&#8221;1920px&#8221; _builder_version=&#8221;4.27.4&#8243; _module_preset=&#8221;default&#8221; body_font_size=&#8221;18px&#8221; body_line_height=&#8221;2.1em&#8221; custom_margin=&#8221;||15px||false|false&#8221; animation=&#8221;off&#8221; global_colors_info=&#8221;{}&#8221;]Use of Shared Kitchen<br \/>\n[\/et_pb_blurb][\/et_pb_column][\/et_pb_row][et_pb_row make_equal=&#8221;on&#8221; _builder_version=&#8221;4.27.4&#8243; _module_preset=&#8221;default&#8221; width=&#8221;100%&#8221; max_width=&#8221;100%&#8221; custom_padding=&#8221;0px||0px||false|false&#8221; global_colors_info=&#8221;{}&#8221;][et_pb_column type=&#8221;4_4&#8243; _builder_version=&#8221;4.27.4&#8243; _module_preset=&#8221;default&#8221; global_colors_info=&#8221;{}&#8221;][et_pb_text _builder_version=&#8221;4.27.4&#8243; _module_preset=&#8221;default&#8221; locked=&#8221;off&#8221; global_colors_info=&#8221;{}&#8221;]<\/p>\n<div class=\"entry-heading\">\n<h3 class=\"entry-title heading-font\">Reglas del Hostal<\/h3>\n<\/div>\n<ul class=\"entry-detail list-rules\">\n<li>Entreda desde la 1:00pm<\/li>\n<li>Salida: 11:00 am<\/li>\n<li>No fumar<\/li>\n<li>No se permite mascota<\/li>\n<\/ul>\n<p>[\/et_pb_text][\/et_pb_column][\/et_pb_row][\/et_pb_section]<\/p>","protected":false},"excerpt":{"rendered":"<p>Experimente la versatilidad y comodidad de nuestra Habitaci\u00f3n Triple. Este colorido refugio ofrece un ambiente espacioso y acogedor\u2026<\/p>","protected":false},"featured_media":1599,"comment_status":"open","ping_status":"closed","template":"","meta":{"_et_pb_use_builder":"on","_et_pb_old_content":"<div class=\"room-content toggle-content \">\r\n<div class=\"inner-content\">\r\n<div class=\"entry-visibility post-content\">\r\n\r\nExperience the versatility and comfort of our Triple Room. This colorful retreat offers a spacious and cozy environment, perfect for small families looking to share special moments. Featuring a queen-size bed and a single bed, it provides the perfect balance of privacy and togetherness in a vibrant setting.\r\n\r\n<\/div>\r\n<\/div>\r\n<\/div>\r\n<div id=\"gtx-trans\" style=\"position: absolute;left: 11px;top: 55px\">\r\n<div class=\"gtx-trans-icon\"><\/div>\r\n<\/div>","_et_gb_content_width":""},"product_brand":[],"product_cat":[15],"product_tag":[],"class_list":{"0":"post-827","1":"product","2":"type-product","3":"status-publish","4":"has-post-thumbnail","6":"product_cat-rooms","8":"first","9":"instock","10":"virtual","11":"sold-individually","12":"purchasable","13":"product-type-booking"},"_links":{"self":[{"href":"https:\/\/edenometepe.com\/es\/wp-json\/wp\/v2\/product\/827","targetHints":{"allow":["GET"]}}],"collection":[{"href":"https:\/\/edenometepe.com\/es\/wp-json\/wp\/v2\/product"}],"about":[{"href":"https:\/\/edenometepe.com\/es\/wp-json\/wp\/v2\/types\/product"}],"replies":[{"embeddable":true,"href":"https:\/\/edenometepe.com\/es\/wp-json\/wp\/v2\/comments?post=827"}],"wp:featuredmedia":[{"embeddable":true,"href":"https:\/\/edenometepe.com\/es\/wp-json\/wp\/v2\/media\/1599"}],"wp:attachment":[{"href":"https:\/\/edenometepe.com\/es\/wp-json\/wp\/v2\/media?parent=827"}],"wp:term":[{"taxonomy":"product_brand","embeddable":true,"href":"https:\/\/edenometepe.com\/es\/wp-json\/wp\/v2\/product_brand?post=827"},{"taxonomy":"product_cat","embeddable":true,"href":"https:\/\/edenometepe.com\/es\/wp-json\/wp\/v2\/product_cat?post=827"},{"taxonomy":"product_tag","embeddable":true,"href":"https:\/\/edenometepe.com\/es\/wp-json\/wp\/v2\/product_tag?post=827"}],"curies":[{"name":"wp","href":"https:\/\/api.w.org\/{rel}","templated":true}]}}