{"id":834,"date":"2025-05-15T20:11:44","date_gmt":"2025-05-15T20:11:44","guid":{"rendered":"https:\/\/edenometepe.com\/?post_type=product&#038;p=834"},"modified":"2025-05-30T04:43:53","modified_gmt":"2025-05-30T04:43:53","slug":"deluxe-double-room","status":"publish","type":"product","link":"https:\/\/edenometepe.com\/es\/producto\/deluxe-double-room\/","title":{"rendered":"Habitaci\u00f3n Doble Deluxe"},"content":{"rendered":"<p>[et_pb_section fb_built=&#8221;1&#8243; _builder_version=&#8221;4.27.4&#8243; _module_preset=&#8221;default&#8221; custom_padding=&#8221;10px||0px||false|false&#8221; global_colors_info=&#8221;{}&#8221;][et_pb_row make_equal=&#8221;on&#8221; _builder_version=&#8221;4.27.4&#8243; _module_preset=&#8221;default&#8221; width=&#8221;100%&#8221; max_width=&#8221;100%&#8221; custom_padding=&#8221;0px||0px||false|false&#8221; global_colors_info=&#8221;{}&#8221;][et_pb_column type=&#8221;4_4&#8243; _builder_version=&#8221;4.27.4&#8243; _module_preset=&#8221;default&#8221; global_colors_info=&#8221;{}&#8221;][et_pb_wc_description description_type=&#8221;description&#8221; _builder_version=&#8221;4.27.4&#8243; _module_preset=&#8221;default&#8221; body_font_size=&#8221;19px&#8221; body_line_height=&#8221;1.6em&#8221; custom_margin=&#8221;||||false|false&#8221; custom_padding=&#8221;||0px||false|false&#8221; global_colors_info=&#8221;{}&#8221;][\/et_pb_wc_description][et_pb_button button_url=&#8221;https:\/\/new-booking.frontdeskmaster.com?hostelId=%2Fdkfb%2BRmXDky2KCxqIBLkuVwYrXMVhBk&#8221; button_text=&#8221;Book Now&#8221; _builder_version=&#8221;4.27.4&#8243; _module_preset=&#8221;default&#8221; custom_button=&#8221;on&#8221; button_text_size=&#8221;18px&#8221; button_text_color=&#8221;#FFFFFF&#8221; button_icon=&#8221;&#x35;||divi||400&#8243; custom_padding=&#8221;11px||11px||true|false&#8221; locked=&#8221;off&#8221; global_colors_info=&#8221;{}&#8221;][\/et_pb_button][et_pb_text _builder_version=&#8221;4.27.4&#8243; _module_preset=&#8221;default&#8221; custom_padding=&#8221;||20px||false|false&#8221; locked=&#8221;off&#8221; global_colors_info=&#8221;{}&#8221;]<\/p>\n<p>o cont\u00e1ctenos a trav\u00e9s de <a href=\"https:\/\/wa.link\/yk8cay\" target=\"_blank\" rel=\"nofollow noopener\">WhatsApp<\/a> para disponibilidad inmediata.<\/p>\n<p>[\/et_pb_text][et_pb_text _builder_version=&#8221;4.27.4&#8243; _module_preset=&#8221;default&#8221; custom_padding=&#8221;||10px||false|false&#8221; hover_enabled=&#8221;0&#8243; locked=&#8221;off&#8221; global_colors_info=&#8221;{}&#8221; sticky_enabled=&#8221;0&#8243;]<\/p>\n<div class=\"entry-heading\">\n<h2 class=\"entry-title heading-font\">Disfruta de una Habitaci\u00f3n Doble Deluxe<\/h2>\n<p>\u00bfBuscas una habitaci\u00f3n matrimonial Deluxe en Moyogalpa para una escapada rom\u00e1ntica, una luna de miel o unas vacaciones tranquilas en pareja? En Hostal Ed\u00e9n, te ofrecemos el equilibrio perfecto entre confort, privacidad <a href=\"https:\/\/edenometepe.com\/es\/services\/\">y atenci\u00f3n personalizada en plena Isla de Ometepe.<\/a><\/p>\n<\/div>\n<p>[\/et_pb_text][et_pb_text _builder_version=&#8221;4.27.4&#8243; _module_preset=&#8221;default&#8221; custom_padding=&#8221;||10px||false|false&#8221; hover_enabled=&#8221;0&#8243; locked=&#8221;off&#8221; global_colors_info=&#8221;{}&#8221; sticky_enabled=&#8221;0&#8243;]<\/p>\n<div class=\"entry-heading\">\n<h2 class=\"entry-title heading-font\">Vive una Experiencia Rom\u00e1ntica con Comodidad Superior<\/h2>\n<p>Nuestra <a href=\"https:\/\/edenometepe.com\/es\/rooms\/\">Habitaci\u00f3n Doble Deluxe<\/a> ha sido dise\u00f1ada para parejas que desean una estad\u00eda \u00edntima, elegante y relajante. Con un ambiente acogedor y todas las comodidades necesarias, en Hostal Ed\u00e9n te garantizamos una experiencia \u00fanica en la isla.<\/p>\n<\/div>\n<p>[\/et_pb_text][et_pb_text _builder_version=&#8221;4.27.4&#8243; _module_preset=&#8221;default&#8221; custom_padding=&#8221;||10px||false|false&#8221; locked=&#8221;off&#8221; global_colors_info=&#8221;{}&#8221;]<\/p>\n<div class=\"entry-heading\">\n<h2 class=\"entry-title heading-font\"><a href=\"https:\/\/es.wikipedia.org\/wiki\/Moyogalpa\" target=\"_blank\" rel=\"nofollow noopener\">Ubicaci\u00f3n Ideal en Moyogalpa<\/a><\/h2>\n<p>Estamos <a href=\"https:\/\/es.wikipedia.org\/wiki\/Moyogalpa\" target=\"_blank\" rel=\"nofollow noopener\">ubicados estrat\u00e9gicamente en el centro de Moyogalpa<\/a>, a pocos pasos del puerto, supermercados, restaurantes y puntos de partida hacia los principales atractivos tur\u00edsticos de la isla. En Hostal Ed\u00e9n, estar\u00e1s cerca de todo, sin renunciar a la tranquilidad.<\/p>\n<\/div>\n<p>[\/et_pb_text][et_pb_text _builder_version=&#8221;4.27.4&#8243; _module_preset=&#8221;default&#8221; custom_padding=&#8221;||10px||false|false&#8221; locked=&#8221;off&#8221; global_colors_info=&#8221;{}&#8221;]<\/p>\n<div class=\"entry-heading\">\n<h2 class=\"entry-title heading-font\">\u00bfPor Qu\u00e9 Elegir Hostal Ed\u00e9n?<\/h2>\n<ul data-start=\"1197\" data-end=\"1400\">\n<li data-start=\"1197\" data-end=\"1229\">\n<p data-start=\"1199\" data-end=\"1229\">Atenci\u00f3n c\u00e1lida y personalizada<\/p>\n<\/li>\n<li data-start=\"1230\" data-end=\"1263\">\n<p data-start=\"1232\" data-end=\"1263\">Habitaciones impecables y bien equipadas<\/p>\n<\/li>\n<li data-start=\"1264\" data-end=\"1305\">\n<p data-start=\"1266\" data-end=\"1305\">Ambiente rom\u00e1ntico ideal para parejas<\/p>\n<\/li>\n<li data-start=\"1306\" data-end=\"1343\">\n<p data-start=\"1308\" data-end=\"1343\">Tarifas accesibles con la mejor calidad<\/p>\n<\/li>\n<li data-start=\"1344\" data-end=\"1400\">\n<p data-start=\"1346\" data-end=\"1400\"><a href=\"https:\/\/edenometepe.com\/es\/tours\/\">Asesor\u00eda en tours y actividades en Ometepe<\/a><\/p>\n<\/li>\n<\/ul>\n<p data-start=\"1402\" data-end=\"1566\">No esperes m\u00e1s para disfrutar de una estad\u00eda inolvidable en Ometepe. <a href=\"https:\/\/new-booking.frontdeskmaster.com\/?hostelId=%2Fdkfb%2BRmXDky2KCxqIBLkuVwYrXMVhBk\" target=\"_blank\" rel=\"nofollow noopener\"><strong data-start=\"1456\" data-end=\"1506\">Reserva tu habitaci\u00f3n matrimonial Deluxe en Moyogalpa<\/strong><\/a> directamente con Hostal Ed\u00e9n y obt\u00e9n la mejor tarifa garantizada.<\/p>\n<\/div>\n<p>[\/et_pb_text][\/et_pb_column][\/et_pb_row][et_pb_row make_equal=&#8221;on&#8221; _builder_version=&#8221;4.27.4&#8243; _module_preset=&#8221;default&#8221; width=&#8221;100%&#8221; max_width=&#8221;100%&#8221; custom_padding=&#8221;0px||0px||false|false&#8221; global_colors_info=&#8221;{}&#8221;][et_pb_column type=&#8221;4_4&#8243; _builder_version=&#8221;4.27.4&#8243; _module_preset=&#8221;default&#8221; global_colors_info=&#8221;{}&#8221;][et_pb_text _builder_version=&#8221;4.27.4&#8243; _module_preset=&#8221;default&#8221; custom_padding=&#8221;||10px||false|false&#8221; locked=&#8221;off&#8221; global_colors_info=&#8221;{}&#8221;]<\/p>\n<div class=\"entry-heading\">\n<h3 class=\"entry-title heading-font\">Caracter\u00edsticas de la Habitaci\u00f3n Doble Deluxe<\/h3>\n<\/div>\n<p>[\/et_pb_text][\/et_pb_column][\/et_pb_row][et_pb_row column_structure=&#8221;1_2,1_2&#8243; _builder_version=&#8221;4.27.4&#8243; _module_preset=&#8221;default&#8221; width=&#8221;100%&#8221; max_width=&#8221;100%&#8221; custom_padding=&#8221;0px|||||&#8221; global_colors_info=&#8221;{}&#8221;][et_pb_column type=&#8221;1_2&#8243; _builder_version=&#8221;4.27.4&#8243; _module_preset=&#8221;default&#8221; global_colors_info=&#8221;{}&#8221;][et_pb_blurb image=&#8221;https:\/\/edenometepe.com\/wp-content\/uploads\/2025\/05\/Bedroom.svg&#8221; icon_placement=&#8221;left&#8221; content_max_width=&#8221;1920px&#8221; _builder_version=&#8221;4.27.4&#8243; _module_preset=&#8221;default&#8221; body_font_size=&#8221;18px&#8221; body_line_height=&#8221;2.1em&#8221; custom_margin=&#8221;||15px||false|false&#8221; animation=&#8221;off&#8221; locked=&#8221;off&#8221; global_colors_info=&#8221;{}&#8221;]One queen-size bed<br \/>\n[\/et_pb_blurb][et_pb_blurb image=&#8221;https:\/\/edenometepe.com\/wp-content\/uploads\/2025\/05\/bathroom.svg&#8221; icon_placement=&#8221;left&#8221; content_max_width=&#8221;1920px&#8221; _builder_version=&#8221;4.27.4&#8243; _module_preset=&#8221;default&#8221; body_font_size=&#8221;18px&#8221; body_line_height=&#8221;2.1em&#8221; custom_margin=&#8221;||15px||false|false&#8221; animation=&#8221;off&#8221; global_colors_info=&#8221;{}&#8221;]<\/p>\n<p>Ba\u00f1o privado<\/p>\n<p>[\/et_pb_blurb][et_pb_blurb image=&#8221;https:\/\/edenometepe.com\/wp-content\/uploads\/2025\/05\/air-conditioning.svg&#8221; icon_placement=&#8221;left&#8221; content_max_width=&#8221;1920px&#8221; _builder_version=&#8221;4.27.4&#8243; _module_preset=&#8221;default&#8221; body_font_size=&#8221;18px&#8221; body_line_height=&#8221;2.1em&#8221; custom_margin=&#8221;||15px||false|false&#8221; custom_margin_tablet=&#8221;||15px||false|false&#8221; custom_margin_phone=&#8221;||-20px||false|false&#8221; custom_margin_last_edited=&#8221;on|phone&#8221; animation=&#8221;off&#8221; locked=&#8221;off&#8221; global_colors_info=&#8221;{}&#8221;]<\/p>\n<p>Aire-condicionado<\/p>\n<p>[\/et_pb_blurb][\/et_pb_column][et_pb_column type=&#8221;1_2&#8243; _builder_version=&#8221;4.27.4&#8243; _module_preset=&#8221;default&#8221; custom_padding_tablet=&#8221;&#8221; custom_padding_phone=&#8221;||||false|false&#8221; custom_padding_last_edited=&#8221;on|phone&#8221; global_colors_info=&#8221;{}&#8221;][et_pb_blurb image=&#8221;https:\/\/edenometepe.com\/wp-content\/uploads\/2025\/05\/breakfast-cereal.svg&#8221; icon_placement=&#8221;left&#8221; content_max_width=&#8221;1920px&#8221; _builder_version=&#8221;4.27.4&#8243; _module_preset=&#8221;default&#8221; body_font_size=&#8221;18px&#8221; body_line_height=&#8221;2.1em&#8221; custom_margin=&#8221;||15px||false|false&#8221; animation=&#8221;off&#8221; global_colors_info=&#8221;{}&#8221;]Breakfast Included<br \/>\n[\/et_pb_blurb][et_pb_blurb image=&#8221;https:\/\/edenometepe.com\/wp-content\/uploads\/2025\/05\/office-chair-table.svg&#8221; icon_placement=&#8221;left&#8221; content_max_width=&#8221;1920px&#8221; _builder_version=&#8221;4.27.4&#8243; _module_preset=&#8221;default&#8221; body_font_size=&#8221;18px&#8221; body_line_height=&#8221;2.1em&#8221; custom_margin=&#8221;||15px||false|false&#8221; custom_margin_tablet=&#8221;||15px||false|false&#8221; custom_margin_phone=&#8221;||||false|false&#8221; custom_margin_last_edited=&#8221;on|phone&#8221; animation=&#8221;off&#8221; global_colors_info=&#8221;{}&#8221;]<\/p>\n<p>Escritorio<\/p>\n<p>[\/et_pb_blurb][et_pb_blurb image=&#8221;https:\/\/edenometepe.com\/wp-content\/uploads\/2025\/05\/wifi-check.svg&#8221; icon_placement=&#8221;left&#8221; content_max_width=&#8221;1920px&#8221; _builder_version=&#8221;4.27.4&#8243; _module_preset=&#8221;default&#8221; body_font_size=&#8221;18px&#8221; body_line_height=&#8221;2.1em&#8221; custom_margin=&#8221;||15px||false|false&#8221; animation=&#8221;off&#8221; global_colors_info=&#8221;{}&#8221;]Wifi Access<br \/>\n[\/et_pb_blurb][et_pb_blurb image=&#8221;https:\/\/edenometepe.com\/wp-content\/uploads\/2025\/05\/icons8-chef.svg&#8221; icon_placement=&#8221;left&#8221; content_max_width=&#8221;1920px&#8221; _builder_version=&#8221;4.27.4&#8243; _module_preset=&#8221;default&#8221; body_font_size=&#8221;18px&#8221; body_line_height=&#8221;2.1em&#8221; custom_margin=&#8221;||15px||false|false&#8221; animation=&#8221;off&#8221; global_colors_info=&#8221;{}&#8221;]Use of Shared Kitchen<br \/>\n[\/et_pb_blurb][\/et_pb_column][\/et_pb_row][et_pb_row make_equal=&#8221;on&#8221; _builder_version=&#8221;4.27.4&#8243; _module_preset=&#8221;default&#8221; width=&#8221;100%&#8221; max_width=&#8221;100%&#8221; custom_padding=&#8221;0px||0px||false|false&#8221; global_colors_info=&#8221;{}&#8221;][et_pb_column type=&#8221;4_4&#8243; _builder_version=&#8221;4.27.4&#8243; _module_preset=&#8221;default&#8221; global_colors_info=&#8221;{}&#8221;][et_pb_text _builder_version=&#8221;4.27.4&#8243; _module_preset=&#8221;default&#8221; locked=&#8221;off&#8221; global_colors_info=&#8221;{}&#8221;]<\/p>\n<div class=\"entry-heading\">\n<h3 class=\"entry-title heading-font\">Reglas del Hostal<\/h3>\n<\/div>\n<ul class=\"entry-detail list-rules\">\n<li>Entreda desde la 1:00pm<\/li>\n<li>Salida: 11:00 am<\/li>\n<li>No fumar<\/li>\n<li>No se permite mascota<\/li>\n<\/ul>\n<p>[\/et_pb_text][\/et_pb_column][\/et_pb_row][\/et_pb_section]<\/p>","protected":false},"excerpt":{"rendered":"<p>En nuestra Habitaci\u00f3n Doble, la comodidad se une a unas vistas impresionantes. Esta espaciosa y vibrante habitaci\u00f3n cuenta con una cama queen-size y un balc\u00f3n\u2026<\/p>","protected":false},"featured_media":839,"comment_status":"open","ping_status":"closed","template":"","meta":{"_et_pb_use_builder":"on","_et_pb_old_content":"In our Double Room, comfort meets a breathtaking view. This spacious and vibrant room features a queen-size bed and a balcony that offers a stunning panorama of the majestic Concepci\u00f3n Volcano. Immerse yourself in the perfect blend of relaxation and scenery in this serene retreat.\r\n<div id=\"gtx-trans\" style=\"position: absolute;left: 859px;top: 55px\">\r\n<div class=\"gtx-trans-icon\"><\/div>\r\n<\/div>","_et_gb_content_width":""},"product_brand":[],"product_cat":[15],"product_tag":[],"class_list":{"0":"post-834","1":"product","2":"type-product","3":"status-publish","4":"has-post-thumbnail","6":"product_cat-rooms","8":"first","9":"instock","10":"virtual","11":"sold-individually","12":"purchasable","13":"product-type-booking"},"_links":{"self":[{"href":"https:\/\/edenometepe.com\/es\/wp-json\/wp\/v2\/product\/834","targetHints":{"allow":["GET"]}}],"collection":[{"href":"https:\/\/edenometepe.com\/es\/wp-json\/wp\/v2\/product"}],"about":[{"href":"https:\/\/edenometepe.com\/es\/wp-json\/wp\/v2\/types\/product"}],"replies":[{"embeddable":true,"href":"https:\/\/edenometepe.com\/es\/wp-json\/wp\/v2\/comments?post=834"}],"wp:featuredmedia":[{"embeddable":true,"href":"https:\/\/edenometepe.com\/es\/wp-json\/wp\/v2\/media\/839"}],"wp:attachment":[{"href":"https:\/\/edenometepe.com\/es\/wp-json\/wp\/v2\/media?parent=834"}],"wp:term":[{"taxonomy":"product_brand","embeddable":true,"href":"https:\/\/edenometepe.com\/es\/wp-json\/wp\/v2\/product_brand?post=834"},{"taxonomy":"product_cat","embeddable":true,"href":"https:\/\/edenometepe.com\/es\/wp-json\/wp\/v2\/product_cat?post=834"},{"taxonomy":"product_tag","embeddable":true,"href":"https:\/\/edenometepe.com\/es\/wp-json\/wp\/v2\/product_tag?post=834"}],"curies":[{"name":"wp","href":"https:\/\/api.w.org\/{rel}","templated":true}]}}