{"id":840,"date":"2025-05-15T20:20:57","date_gmt":"2025-05-15T20:20:57","guid":{"rendered":"https:\/\/edenometepe.com\/?post_type=product&#038;p=840"},"modified":"2025-05-30T04:59:43","modified_gmt":"2025-05-30T04:59:43","slug":"economy-double-room-with-shared-bathroom","status":"publish","type":"product","link":"https:\/\/edenometepe.com\/es\/producto\/economy-double-room-with-shared-bathroom\/","title":{"rendered":"Habitaci\u00f3n Matrimonial Econ\u00f3mica con Ba\u00f1o Compartido"},"content":{"rendered":"<p>[et_pb_section fb_built=&#8221;1&#8243; _builder_version=&#8221;4.27.4&#8243; _module_preset=&#8221;default&#8221; custom_padding=&#8221;10px||0px||false|false&#8221; global_colors_info=&#8221;{}&#8221;][et_pb_row make_equal=&#8221;on&#8221; _builder_version=&#8221;4.27.4&#8243; _module_preset=&#8221;default&#8221; width=&#8221;100%&#8221; max_width=&#8221;100%&#8221; custom_padding=&#8221;0px||0px||false|false&#8221; global_colors_info=&#8221;{}&#8221;][et_pb_column type=&#8221;4_4&#8243; _builder_version=&#8221;4.27.4&#8243; _module_preset=&#8221;default&#8221; global_colors_info=&#8221;{}&#8221;][et_pb_wc_description description_type=&#8221;description&#8221; _builder_version=&#8221;4.27.4&#8243; _module_preset=&#8221;default&#8221; body_font_size=&#8221;19px&#8221; body_line_height=&#8221;1.6em&#8221; custom_margin=&#8221;||||false|false&#8221; custom_padding=&#8221;||0px||false|false&#8221; global_colors_info=&#8221;{}&#8221;][\/et_pb_wc_description][et_pb_button button_url=&#8221;https:\/\/new-booking.frontdeskmaster.com?hostelId=%2Fdkfb%2BRmXDky2KCxqIBLkuVwYrXMVhBk&#8221; button_text=&#8221;Book Now&#8221; _builder_version=&#8221;4.27.4&#8243; _module_preset=&#8221;default&#8221; custom_button=&#8221;on&#8221; button_text_size=&#8221;18px&#8221; button_text_color=&#8221;#FFFFFF&#8221; button_icon=&#8221;&#x35;||divi||400&#8243; custom_padding=&#8221;11px||11px||true|false&#8221; locked=&#8221;off&#8221; global_colors_info=&#8221;{}&#8221;][\/et_pb_button][et_pb_text _builder_version=&#8221;4.27.4&#8243; _module_preset=&#8221;default&#8221; custom_padding=&#8221;||20px||false|false&#8221; locked=&#8221;off&#8221; global_colors_info=&#8221;{}&#8221;]<\/p>\n<p>o cont\u00e1ctenos a trav\u00e9s de <a href=\"https:\/\/wa.link\/yk8cay\" target=\"_blank\" rel=\"nofollow noopener\">WhatsApp<\/a> para disponibilidad inmediata.<\/p>\n<p>[\/et_pb_text][et_pb_text _builder_version=&#8221;4.27.4&#8243; _module_preset=&#8221;default&#8221; custom_padding=&#8221;||10px||false|false&#8221; hover_enabled=&#8221;0&#8243; locked=&#8221;off&#8221; global_colors_info=&#8221;{}&#8221; sticky_enabled=&#8221;0&#8243;]<\/p>\n<div class=\"entry-heading\">\n<h2 class=\"entry-title heading-font\">Reserva tu Single Double Room en <a href=\"https:\/\/es.wikipedia.org\/wiki\/Moyogalpa\" target=\"_blank\" rel=\"nofollow noopener\">Moyogalpa<\/a><\/h2>\n<p>\u00bfBuscas una Single Double Room c\u00f3moda, privada y bien ubicada en la <a href=\"https:\/\/es.wikipedia.org\/wiki\/Ometepe\" target=\"_blank\" rel=\"nofollow noopener\">Isla de Ometepe<\/a>? en Hostal Ed\u00e9n, situado en el centro de Moyogalpa, te ofrecemos la opci\u00f3n perfecta para viajeros solos o parejas que desean disfrutar de la isla con tranquilidad y confort.<\/p>\n<\/div>\n<p>[\/et_pb_text][et_pb_text _builder_version=&#8221;4.27.4&#8243; _module_preset=&#8221;default&#8221; custom_padding=&#8221;||10px||false|false&#8221; locked=&#8221;off&#8221; global_colors_info=&#8221;{}&#8221;]<\/p>\n<div class=\"entry-heading\">\n<h2 class=\"entry-title heading-font\">Comodidad Individual o para Dos<\/h2>\n<p>Nuestra Single <a href=\"https:\/\/edenometepe.com\/es\/producto\/deluxe-double\/\">Double Room<\/a> es ideal para quienes buscan una habitaci\u00f3n econ\u00f3mica sin sacrificar calidad. Ya sea que viajes solo o acompa\u00f1ado, encontrar\u00e1s el espacio perfecto para descansar luego de un <a href=\"https:\/\/edenometepe.com\/es\/tours\/\">d\u00eda explorando volcanes<\/a>, playas y la naturaleza \u00fanica de Ometepe.<\/p>\n<\/div>\n<p>[\/et_pb_text][et_pb_text _builder_version=&#8221;4.27.4&#8243; _module_preset=&#8221;default&#8221; custom_padding=&#8221;||10px||false|false&#8221; locked=&#8221;off&#8221; global_colors_info=&#8221;{}&#8221;]<\/p>\n<div class=\"entry-heading\">\n<h2 class=\"entry-title heading-font\">Excelente Ubicaci\u00f3n en Moyogalpa<\/h2>\n<p>Hostal Ed\u00e9n se encuentra a pocos minutos a pie del <a href=\"https:\/\/es.wikipedia.org\/wiki\/Moyogalpa\" target=\"_blank\" rel=\"nofollow noopener\">puerto de Moyogalpa<\/a>, facilitando tu llegada y salida de la isla. Adem\u00e1s, estar\u00e1s cerca de restaurantes, tiendas, alquiler de motos y transporte a los principales atractivos tur\u00edsticos de Ometepe.<\/p>\n<\/div>\n<p>[\/et_pb_text][et_pb_text _builder_version=&#8221;4.27.4&#8243; _module_preset=&#8221;default&#8221; custom_padding=&#8221;||10px||false|false&#8221; locked=&#8221;off&#8221; global_colors_info=&#8221;{}&#8221;]<\/p>\n<div class=\"entry-heading\">\n<h2 class=\"entry-title heading-font\">\u00bfPor qu\u00e9 elegir nuestra Single Double Room?<\/h2>\n<ul>\n<li data-start=\"1202\" data-end=\"1243\">\n<p data-start=\"1204\" data-end=\"1243\">Perfecta para viajeros solos o parejas<\/p>\n<\/li>\n<li data-start=\"1244\" data-end=\"1292\">\n<p data-start=\"1246\" data-end=\"1292\">Precio accesible sin sacrificar comodidad<\/p>\n<\/li>\n<li data-start=\"1293\" data-end=\"1330\">\n<p data-start=\"1295\" data-end=\"1330\"><a href=\"https:\/\/edenometepe.com\/es\/services\/\">Atenci\u00f3n amable y personalizada<\/a><\/p>\n<\/li>\n<li data-start=\"1331\" data-end=\"1364\">\n<p data-start=\"1333\" data-end=\"1364\">Espacios tranquilos y bien mantenidos<\/p>\n<\/li>\n<li data-start=\"1365\" data-end=\"1409\">\n<p data-start=\"1367\" data-end=\"1409\">Ubicaci\u00f3n estrat\u00e9gica para explorar Ometepe<\/p>\n<\/li>\n<\/ul>\n<p>Disfruta de una experiencia aut\u00e9ntica en la isla con la comodidad de nuestra Single <a href=\"https:\/\/edenometepe.com\/es\/producto\/deluxe-double\/\">Double Room<\/a> en Moyogalpa <a href=\"https:\/\/new-booking.frontdeskmaster.com\/?hostelId=%2Fdkfb%2BRmXDky2KCxqIBLkuVwYrXMVhBk\" target=\"_blank\" rel=\"nofollow noopener\"><strong data-start=\"1550\" data-end=\"1584\">Reserva directamente con Hostal Ed\u00e9n<\/strong><\/a> y asegura la mejor tarifa disponible.<\/p>\n<\/div>\n<p>[\/et_pb_text][\/et_pb_column][\/et_pb_row][et_pb_row make_equal=&#8221;on&#8221; _builder_version=&#8221;4.27.4&#8243; _module_preset=&#8221;default&#8221; width=&#8221;100%&#8221; max_width=&#8221;100%&#8221; custom_padding=&#8221;0px||0px||false|false&#8221; global_colors_info=&#8221;{}&#8221;][et_pb_column type=&#8221;4_4&#8243; _builder_version=&#8221;4.27.4&#8243; _module_preset=&#8221;default&#8221; global_colors_info=&#8221;{}&#8221;][et_pb_text _builder_version=&#8221;4.27.4&#8243; _module_preset=&#8221;default&#8221; custom_padding=&#8221;||10px||false|false&#8221; locked=&#8221;off&#8221; global_colors_info=&#8221;{}&#8221;]<\/p>\n<div class=\"entry-heading\">\n<h3 class=\"entry-title heading-font\">Caracter\u00edsticas de la Single Double Room<\/h3>\n<\/div>\n<p>[\/et_pb_text][\/et_pb_column][\/et_pb_row][et_pb_row column_structure=&#8221;1_2,1_2&#8243; _builder_version=&#8221;4.27.4&#8243; _module_preset=&#8221;default&#8221; width=&#8221;100%&#8221; max_width=&#8221;100%&#8221; custom_padding=&#8221;0px|||||&#8221; global_colors_info=&#8221;{}&#8221;][et_pb_column type=&#8221;1_2&#8243; _builder_version=&#8221;4.27.4&#8243; _module_preset=&#8221;default&#8221; global_colors_info=&#8221;{}&#8221;][et_pb_blurb image=&#8221;https:\/\/edenometepe.com\/wp-content\/uploads\/2025\/05\/Bedroom.svg&#8221; icon_placement=&#8221;left&#8221; content_max_width=&#8221;1920px&#8221; _builder_version=&#8221;4.27.4&#8243; _module_preset=&#8221;default&#8221; body_font_size=&#8221;18px&#8221; body_line_height=&#8221;2.1em&#8221; custom_margin=&#8221;||15px||false|false&#8221; animation=&#8221;off&#8221; locked=&#8221;off&#8221; global_colors_info=&#8221;{}&#8221;]One queen-size bed<br \/>\n[\/et_pb_blurb][et_pb_blurb image=&#8221;https:\/\/edenometepe.com\/wp-content\/uploads\/2025\/05\/bathroom.svg&#8221; icon_placement=&#8221;left&#8221; content_max_width=&#8221;1920px&#8221; _builder_version=&#8221;4.27.4&#8243; _module_preset=&#8221;default&#8221; body_font_size=&#8221;18px&#8221; body_line_height=&#8221;2.1em&#8221; custom_margin=&#8221;||15px||false|false&#8221; animation=&#8221;off&#8221; global_colors_info=&#8221;{}&#8221;]<\/p>\n<p>Ba\u00f1o compartido<\/p>\n<p>[\/et_pb_blurb][et_pb_blurb image=&#8221;https:\/\/edenometepe.com\/wp-content\/uploads\/2025\/05\/air-conditioning.svg&#8221; icon_placement=&#8221;left&#8221; content_max_width=&#8221;1920px&#8221; _builder_version=&#8221;4.27.4&#8243; _module_preset=&#8221;default&#8221; body_font_size=&#8221;18px&#8221; body_line_height=&#8221;2.1em&#8221; custom_margin=&#8221;||15px||false|false&#8221; custom_margin_tablet=&#8221;||15px||false|false&#8221; custom_margin_phone=&#8221;||-20px||false|false&#8221; custom_margin_last_edited=&#8221;on|phone&#8221; animation=&#8221;off&#8221; locked=&#8221;off&#8221; global_colors_info=&#8221;{}&#8221;]<\/p>\n<p>Aire-condicionado<\/p>\n<p>[\/et_pb_blurb][\/et_pb_column][et_pb_column type=&#8221;1_2&#8243; _builder_version=&#8221;4.27.4&#8243; _module_preset=&#8221;default&#8221; custom_padding_tablet=&#8221;&#8221; custom_padding_phone=&#8221;||||false|false&#8221; custom_padding_last_edited=&#8221;on|phone&#8221; global_colors_info=&#8221;{}&#8221;][et_pb_blurb image=&#8221;https:\/\/edenometepe.com\/wp-content\/uploads\/2025\/05\/breakfast-cereal.svg&#8221; icon_placement=&#8221;left&#8221; content_max_width=&#8221;1920px&#8221; _builder_version=&#8221;4.27.4&#8243; _module_preset=&#8221;default&#8221; body_font_size=&#8221;18px&#8221; body_line_height=&#8221;2.1em&#8221; custom_margin=&#8221;||15px||false|false&#8221; animation=&#8221;off&#8221; global_colors_info=&#8221;{}&#8221;]Breakfast Included<br \/>\n[\/et_pb_blurb][et_pb_blurb image=&#8221;https:\/\/edenometepe.com\/wp-content\/uploads\/2025\/05\/wifi-check.svg&#8221; icon_placement=&#8221;left&#8221; content_max_width=&#8221;1920px&#8221; _builder_version=&#8221;4.27.4&#8243; _module_preset=&#8221;default&#8221; body_font_size=&#8221;18px&#8221; body_line_height=&#8221;2.1em&#8221; custom_margin=&#8221;||15px||false|false&#8221; animation=&#8221;off&#8221; global_colors_info=&#8221;{}&#8221;]Wifi Access<br \/>\n[\/et_pb_blurb][et_pb_blurb image=&#8221;https:\/\/edenometepe.com\/wp-content\/uploads\/2025\/05\/icons8-chef.svg&#8221; icon_placement=&#8221;left&#8221; content_max_width=&#8221;1920px&#8221; _builder_version=&#8221;4.27.4&#8243; _module_preset=&#8221;default&#8221; body_font_size=&#8221;18px&#8221; body_line_height=&#8221;2.1em&#8221; custom_margin=&#8221;||15px||false|false&#8221; animation=&#8221;off&#8221; global_colors_info=&#8221;{}&#8221;]Use of Shared Kitchen<br \/>\n[\/et_pb_blurb][\/et_pb_column][\/et_pb_row][et_pb_row make_equal=&#8221;on&#8221; _builder_version=&#8221;4.27.4&#8243; _module_preset=&#8221;default&#8221; width=&#8221;100%&#8221; max_width=&#8221;100%&#8221; custom_padding=&#8221;0px||0px||false|false&#8221; global_colors_info=&#8221;{}&#8221;][et_pb_column type=&#8221;4_4&#8243; _builder_version=&#8221;4.27.4&#8243; _module_preset=&#8221;default&#8221; global_colors_info=&#8221;{}&#8221;][et_pb_text _builder_version=&#8221;4.27.4&#8243; _module_preset=&#8221;default&#8221; locked=&#8221;off&#8221; global_colors_info=&#8221;{}&#8221;]<\/p>\n<div class=\"entry-heading\">\n<h3 class=\"entry-title heading-font\">Reglas del Hostal<\/h3>\n<\/div>\n<ul class=\"entry-detail list-rules\">\n<li>Entreda desde la 1:00pm<\/li>\n<li>Salida: 11:00 am<\/li>\n<li>No fumar<\/li>\n<li>No se permite mascota<\/li>\n<\/ul>\n<p>[\/et_pb_text][\/et_pb_column][\/et_pb_row][\/et_pb_section]<\/p>","protected":false},"excerpt":{"rendered":"<p>Encantadora habitaci\u00f3n privada, ideal para 1 o 2 hu\u00e9spedes. Dise\u00f1ada con esmero para ofrecer una estancia c\u00f3moda y acogedora.<\/p>","protected":false},"featured_media":1591,"comment_status":"open","ping_status":"closed","template":"","meta":{"_et_pb_use_builder":"on","_et_pb_old_content":"Charming private room, ideal for 1 or 2 guests. Thoughtfully designed to provide a comfortable and cozy stay, it blends functionality and style at an affordable price \u2014 perfect for travelers seeking quality without breaking the budget.\r\n<div id=\"gtx-trans\" style=\"position: absolute;left: 5px;top: 7px\">\r\n<div class=\"gtx-trans-icon\"><\/div>\r\n<\/div>","_et_gb_content_width":""},"product_brand":[],"product_cat":[15],"product_tag":[],"class_list":{"0":"post-840","1":"product","2":"type-product","3":"status-publish","4":"has-post-thumbnail","6":"product_cat-rooms","8":"first","9":"instock","10":"virtual","11":"sold-individually","12":"purchasable","13":"product-type-booking"},"_links":{"self":[{"href":"https:\/\/edenometepe.com\/es\/wp-json\/wp\/v2\/product\/840","targetHints":{"allow":["GET"]}}],"collection":[{"href":"https:\/\/edenometepe.com\/es\/wp-json\/wp\/v2\/product"}],"about":[{"href":"https:\/\/edenometepe.com\/es\/wp-json\/wp\/v2\/types\/product"}],"replies":[{"embeddable":true,"href":"https:\/\/edenometepe.com\/es\/wp-json\/wp\/v2\/comments?post=840"}],"wp:featuredmedia":[{"embeddable":true,"href":"https:\/\/edenometepe.com\/es\/wp-json\/wp\/v2\/media\/1591"}],"wp:attachment":[{"href":"https:\/\/edenometepe.com\/es\/wp-json\/wp\/v2\/media?parent=840"}],"wp:term":[{"taxonomy":"product_brand","embeddable":true,"href":"https:\/\/edenometepe.com\/es\/wp-json\/wp\/v2\/product_brand?post=840"},{"taxonomy":"product_cat","embeddable":true,"href":"https:\/\/edenometepe.com\/es\/wp-json\/wp\/v2\/product_cat?post=840"},{"taxonomy":"product_tag","embeddable":true,"href":"https:\/\/edenometepe.com\/es\/wp-json\/wp\/v2\/product_tag?post=840"}],"curies":[{"name":"wp","href":"https:\/\/api.w.org\/{rel}","templated":true}]}}